{"id":3363,"date":"2025-04-07T09:59:13","date_gmt":"2025-04-07T07:59:13","guid":{"rendered":"https:\/\/preprod.bonbay.fr\/_enovation?page_id=3363"},"modified":"2025-09-30T15:49:33","modified_gmt":"2025-09-30T13:49:33","slug":"hosting","status":"publish","type":"page","link":"https:\/\/preprod.bonbay.fr\/_enovation\/fr\/services\/hosting\/","title":{"rendered":"H\u00e9bergement"},"content":{"rendered":"","protected":false},"excerpt":{"rendered":"","protected":false},"author":1,"featured_media":642,"parent":3356,"menu_order":3,"comment_status":"closed","ping_status":"closed","template":"page-hosting.php","meta":{"_acf_changed":false,"footnotes":""},"class_list":["post-3363","page","type-page","status-publish","has-post-thumbnail","hentry"],"acf":[],"yoast_head":"<!-- This site is optimized with the Yoast SEO Premium plugin v26.0 (Yoast SEO v26.7) - https:\/\/yoast.com\/wordpress\/plugins\/seo\/ -->\n<title>H\u00e9bergement | Enovation solutions<\/title>\n<meta name=\"description\" content=\"H\u00e9bergement s\u00e9curis\u00e9 et haute performance de vos plateformes LMS (Moodle, Totara) avec Enovation : conformit\u00e9 RGPD, infog\u00e9rance, disponibilit\u00e9 24\/7.\" \/>\n<meta name=\"robots\" content=\"index, follow, max-snippet:-1, max-image-preview:large, max-video-preview:-1\" \/>\n<link rel=\"canonical\" href=\"https:\/\/preprod.bonbay.fr\/_enovation\/fr\/services\/hosting\/\" \/>\n<meta property=\"og:locale\" content=\"fr_FR\" \/>\n<meta property=\"og:type\" content=\"article\" \/>\n<meta property=\"og:title\" content=\"H\u00e9bergement\" \/>\n<meta property=\"og:description\" content=\"H\u00e9bergement s\u00e9curis\u00e9 et haute performance de vos plateformes LMS (Moodle, Totara) avec Enovation : conformit\u00e9 RGPD, infog\u00e9rance, disponibilit\u00e9 24\/7.\" \/>\n<meta property=\"og:url\" content=\"https:\/\/preprod.bonbay.fr\/_enovation\/fr\/services\/hosting\/\" \/>\n<meta property=\"og:site_name\" content=\"Enovation solutions\" \/>\n<meta property=\"article:modified_time\" content=\"2025-09-30T13:49:33+00:00\" \/>\n<meta property=\"og:image\" content=\"https:\/\/preprod.bonbay.fr\/_enovation\/wp-content\/uploads\/2025\/04\/bandeau-hosting.jpg\" \/>\n\t<meta property=\"og:image:width\" content=\"1080\" \/>\n\t<meta property=\"og:image:height\" content=\"590\" \/>\n\t<meta property=\"og:image:type\" content=\"image\/jpeg\" \/>\n<meta name=\"twitter:card\" content=\"summary_large_image\" \/>\n<meta name=\"twitter:label1\" content=\"Dur\u00e9e de lecture estim\u00e9e\" \/>\n\t<meta name=\"twitter:data1\" content=\"1 minute\" \/>\n<script type=\"application\/ld+json\" class=\"yoast-schema-graph\">{\"@context\":\"https:\/\/schema.org\",\"@graph\":[{\"@type\":\"WebPage\",\"@id\":\"https:\/\/preprod.bonbay.fr\/_enovation\/fr\/services\/hosting\/\",\"url\":\"https:\/\/preprod.bonbay.fr\/_enovation\/fr\/services\/hosting\/\",\"name\":\"H\u00e9bergement | Enovation solutions\",\"isPartOf\":{\"@id\":\"https:\/\/preprod.bonbay.fr\/_enovation\/#website\"},\"primaryImageOfPage\":{\"@id\":\"https:\/\/preprod.bonbay.fr\/_enovation\/fr\/services\/hosting\/#primaryimage\"},\"image\":{\"@id\":\"https:\/\/preprod.bonbay.fr\/_enovation\/fr\/services\/hosting\/#primaryimage\"},\"thumbnailUrl\":\"https:\/\/preprod.bonbay.fr\/_enovation\/wp-content\/uploads\/2025\/04\/bandeau-hosting.jpg\",\"datePublished\":\"2025-04-07T07:59:13+00:00\",\"dateModified\":\"2025-09-30T13:49:33+00:00\",\"description\":\"H\u00e9bergement s\u00e9curis\u00e9 et haute performance de vos plateformes LMS (Moodle, Totara) avec Enovation : conformit\u00e9 RGPD, infog\u00e9rance, disponibilit\u00e9 24\/7.\",\"breadcrumb\":{\"@id\":\"https:\/\/preprod.bonbay.fr\/_enovation\/fr\/services\/hosting\/#breadcrumb\"},\"inLanguage\":\"fr-FR\",\"potentialAction\":[{\"@type\":\"ReadAction\",\"target\":[\"https:\/\/preprod.bonbay.fr\/_enovation\/fr\/services\/hosting\/\"]}]},{\"@type\":\"ImageObject\",\"inLanguage\":\"fr-FR\",\"@id\":\"https:\/\/preprod.bonbay.fr\/_enovation\/fr\/services\/hosting\/#primaryimage\",\"url\":\"https:\/\/preprod.bonbay.fr\/_enovation\/wp-content\/uploads\/2025\/04\/bandeau-hosting.jpg\",\"contentUrl\":\"https:\/\/preprod.bonbay.fr\/_enovation\/wp-content\/uploads\/2025\/04\/bandeau-hosting.jpg\",\"width\":1080,\"height\":590},{\"@type\":\"BreadcrumbList\",\"@id\":\"https:\/\/preprod.bonbay.fr\/_enovation\/fr\/services\/hosting\/#breadcrumb\",\"itemListElement\":[{\"@type\":\"ListItem\",\"position\":1,\"name\":\"Accueil\",\"item\":\"https:\/\/preprod.bonbay.fr\/_enovation\/fr\/\"},{\"@type\":\"ListItem\",\"position\":2,\"name\":\"Services\",\"item\":\"https:\/\/preprod.bonbay.fr\/_enovation\/services\/\"},{\"@type\":\"ListItem\",\"position\":3,\"name\":\"H\u00e9bergement\"}]},{\"@type\":\"WebSite\",\"@id\":\"https:\/\/preprod.bonbay.fr\/_enovation\/#website\",\"url\":\"https:\/\/preprod.bonbay.fr\/_enovation\/\",\"name\":\"Enovation Solutions\",\"description\":\"\",\"potentialAction\":[{\"@type\":\"SearchAction\",\"target\":{\"@type\":\"EntryPoint\",\"urlTemplate\":\"https:\/\/preprod.bonbay.fr\/_enovation\/?s={search_term_string}\"},\"query-input\":{\"@type\":\"PropertyValueSpecification\",\"valueRequired\":true,\"valueName\":\"search_term_string\"}}],\"inLanguage\":\"fr-FR\"}]}<\/script>\n<!-- \/ Yoast SEO Premium plugin. -->","yoast_head_json":{"title":"H\u00e9bergement | Enovation solutions","description":"H\u00e9bergement s\u00e9curis\u00e9 et haute performance de vos plateformes LMS (Moodle, Totara) avec Enovation : conformit\u00e9 RGPD, infog\u00e9rance, disponibilit\u00e9 24\/7.","robots":{"index":"index","follow":"follow","max-snippet":"max-snippet:-1","max-image-preview":"max-image-preview:large","max-video-preview":"max-video-preview:-1"},"canonical":"https:\/\/preprod.bonbay.fr\/_enovation\/fr\/services\/hosting\/","og_locale":"fr_FR","og_type":"article","og_title":"H\u00e9bergement","og_description":"H\u00e9bergement s\u00e9curis\u00e9 et haute performance de vos plateformes LMS (Moodle, Totara) avec Enovation : conformit\u00e9 RGPD, infog\u00e9rance, disponibilit\u00e9 24\/7.","og_url":"https:\/\/preprod.bonbay.fr\/_enovation\/fr\/services\/hosting\/","og_site_name":"Enovation solutions","article_modified_time":"2025-09-30T13:49:33+00:00","og_image":[{"width":1080,"height":590,"url":"https:\/\/preprod.bonbay.fr\/_enovation\/wp-content\/uploads\/2025\/04\/bandeau-hosting.jpg","type":"image\/jpeg"}],"twitter_card":"summary_large_image","twitter_misc":{"Dur\u00e9e de lecture estim\u00e9e":"1 minute"},"schema":{"@context":"https:\/\/schema.org","@graph":[{"@type":"WebPage","@id":"https:\/\/preprod.bonbay.fr\/_enovation\/fr\/services\/hosting\/","url":"https:\/\/preprod.bonbay.fr\/_enovation\/fr\/services\/hosting\/","name":"H\u00e9bergement | Enovation solutions","isPartOf":{"@id":"https:\/\/preprod.bonbay.fr\/_enovation\/#website"},"primaryImageOfPage":{"@id":"https:\/\/preprod.bonbay.fr\/_enovation\/fr\/services\/hosting\/#primaryimage"},"image":{"@id":"https:\/\/preprod.bonbay.fr\/_enovation\/fr\/services\/hosting\/#primaryimage"},"thumbnailUrl":"https:\/\/preprod.bonbay.fr\/_enovation\/wp-content\/uploads\/2025\/04\/bandeau-hosting.jpg","datePublished":"2025-04-07T07:59:13+00:00","dateModified":"2025-09-30T13:49:33+00:00","description":"H\u00e9bergement s\u00e9curis\u00e9 et haute performance de vos plateformes LMS (Moodle, Totara) avec Enovation : conformit\u00e9 RGPD, infog\u00e9rance, disponibilit\u00e9 24\/7.","breadcrumb":{"@id":"https:\/\/preprod.bonbay.fr\/_enovation\/fr\/services\/hosting\/#breadcrumb"},"inLanguage":"fr-FR","potentialAction":[{"@type":"ReadAction","target":["https:\/\/preprod.bonbay.fr\/_enovation\/fr\/services\/hosting\/"]}]},{"@type":"ImageObject","inLanguage":"fr-FR","@id":"https:\/\/preprod.bonbay.fr\/_enovation\/fr\/services\/hosting\/#primaryimage","url":"https:\/\/preprod.bonbay.fr\/_enovation\/wp-content\/uploads\/2025\/04\/bandeau-hosting.jpg","contentUrl":"https:\/\/preprod.bonbay.fr\/_enovation\/wp-content\/uploads\/2025\/04\/bandeau-hosting.jpg","width":1080,"height":590},{"@type":"BreadcrumbList","@id":"https:\/\/preprod.bonbay.fr\/_enovation\/fr\/services\/hosting\/#breadcrumb","itemListElement":[{"@type":"ListItem","position":1,"name":"Accueil","item":"https:\/\/preprod.bonbay.fr\/_enovation\/fr\/"},{"@type":"ListItem","position":2,"name":"Services","item":"https:\/\/preprod.bonbay.fr\/_enovation\/services\/"},{"@type":"ListItem","position":3,"name":"H\u00e9bergement"}]},{"@type":"WebSite","@id":"https:\/\/preprod.bonbay.fr\/_enovation\/#website","url":"https:\/\/preprod.bonbay.fr\/_enovation\/","name":"Enovation Solutions","description":"","potentialAction":[{"@type":"SearchAction","target":{"@type":"EntryPoint","urlTemplate":"https:\/\/preprod.bonbay.fr\/_enovation\/?s={search_term_string}"},"query-input":{"@type":"PropertyValueSpecification","valueRequired":true,"valueName":"search_term_string"}}],"inLanguage":"fr-FR"}]}},"_links":{"self":[{"href":"https:\/\/preprod.bonbay.fr\/_enovation\/fr\/wp-json\/wp\/v2\/pages\/3363","targetHints":{"allow":["GET"]}}],"collection":[{"href":"https:\/\/preprod.bonbay.fr\/_enovation\/fr\/wp-json\/wp\/v2\/pages"}],"about":[{"href":"https:\/\/preprod.bonbay.fr\/_enovation\/fr\/wp-json\/wp\/v2\/types\/page"}],"author":[{"embeddable":true,"href":"https:\/\/preprod.bonbay.fr\/_enovation\/fr\/wp-json\/wp\/v2\/users\/1"}],"replies":[{"embeddable":true,"href":"https:\/\/preprod.bonbay.fr\/_enovation\/fr\/wp-json\/wp\/v2\/comments?post=3363"}],"version-history":[{"count":5,"href":"https:\/\/preprod.bonbay.fr\/_enovation\/fr\/wp-json\/wp\/v2\/pages\/3363\/revisions"}],"predecessor-version":[{"id":6352,"href":"https:\/\/preprod.bonbay.fr\/_enovation\/fr\/wp-json\/wp\/v2\/pages\/3363\/revisions\/6352"}],"up":[{"embeddable":true,"href":"https:\/\/preprod.bonbay.fr\/_enovation\/fr\/wp-json\/wp\/v2\/pages\/3356"}],"wp:featuredmedia":[{"embeddable":true,"href":"https:\/\/preprod.bonbay.fr\/_enovation\/fr\/wp-json\/wp\/v2\/media\/642"}],"wp:attachment":[{"href":"https:\/\/preprod.bonbay.fr\/_enovation\/fr\/wp-json\/wp\/v2\/media?parent=3363"}],"curies":[{"name":"wp","href":"https:\/\/api.w.org\/{rel}","templated":true}]}}