{"id":3386,"date":"2025-04-07T10:06:11","date_gmt":"2025-04-07T08:06:11","guid":{"rendered":"https:\/\/preprod.bonbay.fr\/_enovation?page_id=3386"},"modified":"2025-10-02T11:42:12","modified_gmt":"2025-10-02T09:42:12","slug":"career","status":"publish","type":"page","link":"https:\/\/preprod.bonbay.fr\/_enovation\/fr\/about\/career\/","title":{"rendered":"Nous rejoindre"},"content":{"rendered":"<h2 style=\"text-align: center;\" data-start=\"84\" data-end=\"127\"><strong data-start=\"1378\" data-end=\"1419\">Pr\u00eat(e) \u00e0 relever de nouveaux d\u00e9fis ?<\/strong><\/h2>\n<h4 style=\"text-align: center;\" data-start=\"128\" data-end=\"356\">Nous sommes toujours \u00e0 la recherche de professionnels talentueux, alors n\u2019h\u00e9sitez pas \u00e0 postuler si vous pensez correspondre au profil recherch\u00e9.<\/h4>\n","protected":false},"excerpt":{"rendered":"<p>Pr\u00eat(e) \u00e0 relever de nouveaux d\u00e9fis ? Nous sommes toujours \u00e0 la recherche de professionnels talentueux, alors n\u2019h\u00e9sitez pas \u00e0 postuler si vous pensez correspondre au profil recherch\u00e9.<\/p>\n","protected":false},"author":1,"featured_media":467,"parent":3380,"menu_order":6,"comment_status":"closed","ping_status":"closed","template":"page-career.php","meta":{"_acf_changed":false,"footnotes":""},"class_list":["post-3386","page","type-page","status-publish","has-post-thumbnail","hentry"],"acf":[],"yoast_head":"<!-- This site is optimized with the Yoast SEO Premium plugin v26.0 (Yoast SEO v26.7) - https:\/\/yoast.com\/wordpress\/plugins\/seo\/ -->\n<title>Nous rejoindre | Enovation solutions<\/title>\n<meta name=\"description\" content=\"Rejoignez Enovation : consultez nos opportunit\u00e9s de carri\u00e8re en e\u2011learning, d\u00e9veloppement, support ou consulting et participez \u00e0 nos projets LMS internationaux.\" \/>\n<meta name=\"robots\" content=\"index, follow, max-snippet:-1, max-image-preview:large, max-video-preview:-1\" \/>\n<link rel=\"canonical\" href=\"https:\/\/preprod.bonbay.fr\/_enovation\/fr\/about\/career\/\" \/>\n<meta property=\"og:locale\" content=\"fr_FR\" \/>\n<meta property=\"og:type\" content=\"article\" \/>\n<meta property=\"og:title\" content=\"Nous rejoindre\" \/>\n<meta property=\"og:description\" content=\"Rejoignez Enovation : consultez nos opportunit\u00e9s de carri\u00e8re en e\u2011learning, d\u00e9veloppement, support ou consulting et participez \u00e0 nos projets LMS internationaux.\" \/>\n<meta property=\"og:url\" content=\"https:\/\/preprod.bonbay.fr\/_enovation\/fr\/about\/career\/\" \/>\n<meta property=\"og:site_name\" content=\"Enovation solutions\" \/>\n<meta property=\"article:modified_time\" content=\"2025-10-02T09:42:12+00:00\" \/>\n<meta property=\"og:image\" content=\"https:\/\/preprod.bonbay.fr\/_enovation\/wp-content\/uploads\/2025\/04\/bandeau-recrutement.jpg\" \/>\n\t<meta property=\"og:image:width\" content=\"1080\" \/>\n\t<meta property=\"og:image:height\" content=\"589\" \/>\n\t<meta property=\"og:image:type\" content=\"image\/jpeg\" \/>\n<meta name=\"twitter:card\" content=\"summary_large_image\" \/>\n<meta name=\"twitter:label1\" content=\"Dur\u00e9e de lecture estim\u00e9e\" \/>\n\t<meta name=\"twitter:data1\" content=\"1 minute\" \/>\n<script type=\"application\/ld+json\" class=\"yoast-schema-graph\">{\"@context\":\"https:\/\/schema.org\",\"@graph\":[{\"@type\":\"WebPage\",\"@id\":\"https:\/\/preprod.bonbay.fr\/_enovation\/fr\/about\/career\/\",\"url\":\"https:\/\/preprod.bonbay.fr\/_enovation\/fr\/about\/career\/\",\"name\":\"Nous rejoindre | Enovation solutions\",\"isPartOf\":{\"@id\":\"https:\/\/preprod.bonbay.fr\/_enovation\/#website\"},\"primaryImageOfPage\":{\"@id\":\"https:\/\/preprod.bonbay.fr\/_enovation\/fr\/about\/career\/#primaryimage\"},\"image\":{\"@id\":\"https:\/\/preprod.bonbay.fr\/_enovation\/fr\/about\/career\/#primaryimage\"},\"thumbnailUrl\":\"https:\/\/preprod.bonbay.fr\/_enovation\/wp-content\/uploads\/2025\/04\/bandeau-recrutement.jpg\",\"datePublished\":\"2025-04-07T08:06:11+00:00\",\"dateModified\":\"2025-10-02T09:42:12+00:00\",\"description\":\"Rejoignez Enovation : consultez nos opportunit\u00e9s de carri\u00e8re en e\u2011learning, d\u00e9veloppement, support ou consulting et participez \u00e0 nos projets LMS internationaux.\",\"breadcrumb\":{\"@id\":\"https:\/\/preprod.bonbay.fr\/_enovation\/fr\/about\/career\/#breadcrumb\"},\"inLanguage\":\"fr-FR\",\"potentialAction\":[{\"@type\":\"ReadAction\",\"target\":[\"https:\/\/preprod.bonbay.fr\/_enovation\/fr\/about\/career\/\"]}]},{\"@type\":\"ImageObject\",\"inLanguage\":\"fr-FR\",\"@id\":\"https:\/\/preprod.bonbay.fr\/_enovation\/fr\/about\/career\/#primaryimage\",\"url\":\"https:\/\/preprod.bonbay.fr\/_enovation\/wp-content\/uploads\/2025\/04\/bandeau-recrutement.jpg\",\"contentUrl\":\"https:\/\/preprod.bonbay.fr\/_enovation\/wp-content\/uploads\/2025\/04\/bandeau-recrutement.jpg\",\"width\":1080,\"height\":589},{\"@type\":\"BreadcrumbList\",\"@id\":\"https:\/\/preprod.bonbay.fr\/_enovation\/fr\/about\/career\/#breadcrumb\",\"itemListElement\":[{\"@type\":\"ListItem\",\"position\":1,\"name\":\"Accueil\",\"item\":\"https:\/\/preprod.bonbay.fr\/_enovation\/fr\/\"},{\"@type\":\"ListItem\",\"position\":2,\"name\":\"\u00c0 propos\",\"item\":\"https:\/\/preprod.bonbay.fr\/_enovation\/about\/\"},{\"@type\":\"ListItem\",\"position\":3,\"name\":\"Nous rejoindre\"}]},{\"@type\":\"WebSite\",\"@id\":\"https:\/\/preprod.bonbay.fr\/_enovation\/#website\",\"url\":\"https:\/\/preprod.bonbay.fr\/_enovation\/\",\"name\":\"Enovation Solutions\",\"description\":\"\",\"potentialAction\":[{\"@type\":\"SearchAction\",\"target\":{\"@type\":\"EntryPoint\",\"urlTemplate\":\"https:\/\/preprod.bonbay.fr\/_enovation\/?s={search_term_string}\"},\"query-input\":{\"@type\":\"PropertyValueSpecification\",\"valueRequired\":true,\"valueName\":\"search_term_string\"}}],\"inLanguage\":\"fr-FR\"}]}<\/script>\n<!-- \/ Yoast SEO Premium plugin. -->","yoast_head_json":{"title":"Nous rejoindre | Enovation solutions","description":"Rejoignez Enovation : consultez nos opportunit\u00e9s de carri\u00e8re en e\u2011learning, d\u00e9veloppement, support ou consulting et participez \u00e0 nos projets LMS internationaux.","robots":{"index":"index","follow":"follow","max-snippet":"max-snippet:-1","max-image-preview":"max-image-preview:large","max-video-preview":"max-video-preview:-1"},"canonical":"https:\/\/preprod.bonbay.fr\/_enovation\/fr\/about\/career\/","og_locale":"fr_FR","og_type":"article","og_title":"Nous rejoindre","og_description":"Rejoignez Enovation : consultez nos opportunit\u00e9s de carri\u00e8re en e\u2011learning, d\u00e9veloppement, support ou consulting et participez \u00e0 nos projets LMS internationaux.","og_url":"https:\/\/preprod.bonbay.fr\/_enovation\/fr\/about\/career\/","og_site_name":"Enovation solutions","article_modified_time":"2025-10-02T09:42:12+00:00","og_image":[{"width":1080,"height":589,"url":"https:\/\/preprod.bonbay.fr\/_enovation\/wp-content\/uploads\/2025\/04\/bandeau-recrutement.jpg","type":"image\/jpeg"}],"twitter_card":"summary_large_image","twitter_misc":{"Dur\u00e9e de lecture estim\u00e9e":"1 minute"},"schema":{"@context":"https:\/\/schema.org","@graph":[{"@type":"WebPage","@id":"https:\/\/preprod.bonbay.fr\/_enovation\/fr\/about\/career\/","url":"https:\/\/preprod.bonbay.fr\/_enovation\/fr\/about\/career\/","name":"Nous rejoindre | Enovation solutions","isPartOf":{"@id":"https:\/\/preprod.bonbay.fr\/_enovation\/#website"},"primaryImageOfPage":{"@id":"https:\/\/preprod.bonbay.fr\/_enovation\/fr\/about\/career\/#primaryimage"},"image":{"@id":"https:\/\/preprod.bonbay.fr\/_enovation\/fr\/about\/career\/#primaryimage"},"thumbnailUrl":"https:\/\/preprod.bonbay.fr\/_enovation\/wp-content\/uploads\/2025\/04\/bandeau-recrutement.jpg","datePublished":"2025-04-07T08:06:11+00:00","dateModified":"2025-10-02T09:42:12+00:00","description":"Rejoignez Enovation : consultez nos opportunit\u00e9s de carri\u00e8re en e\u2011learning, d\u00e9veloppement, support ou consulting et participez \u00e0 nos projets LMS internationaux.","breadcrumb":{"@id":"https:\/\/preprod.bonbay.fr\/_enovation\/fr\/about\/career\/#breadcrumb"},"inLanguage":"fr-FR","potentialAction":[{"@type":"ReadAction","target":["https:\/\/preprod.bonbay.fr\/_enovation\/fr\/about\/career\/"]}]},{"@type":"ImageObject","inLanguage":"fr-FR","@id":"https:\/\/preprod.bonbay.fr\/_enovation\/fr\/about\/career\/#primaryimage","url":"https:\/\/preprod.bonbay.fr\/_enovation\/wp-content\/uploads\/2025\/04\/bandeau-recrutement.jpg","contentUrl":"https:\/\/preprod.bonbay.fr\/_enovation\/wp-content\/uploads\/2025\/04\/bandeau-recrutement.jpg","width":1080,"height":589},{"@type":"BreadcrumbList","@id":"https:\/\/preprod.bonbay.fr\/_enovation\/fr\/about\/career\/#breadcrumb","itemListElement":[{"@type":"ListItem","position":1,"name":"Accueil","item":"https:\/\/preprod.bonbay.fr\/_enovation\/fr\/"},{"@type":"ListItem","position":2,"name":"\u00c0 propos","item":"https:\/\/preprod.bonbay.fr\/_enovation\/about\/"},{"@type":"ListItem","position":3,"name":"Nous rejoindre"}]},{"@type":"WebSite","@id":"https:\/\/preprod.bonbay.fr\/_enovation\/#website","url":"https:\/\/preprod.bonbay.fr\/_enovation\/","name":"Enovation Solutions","description":"","potentialAction":[{"@type":"SearchAction","target":{"@type":"EntryPoint","urlTemplate":"https:\/\/preprod.bonbay.fr\/_enovation\/?s={search_term_string}"},"query-input":{"@type":"PropertyValueSpecification","valueRequired":true,"valueName":"search_term_string"}}],"inLanguage":"fr-FR"}]}},"_links":{"self":[{"href":"https:\/\/preprod.bonbay.fr\/_enovation\/fr\/wp-json\/wp\/v2\/pages\/3386","targetHints":{"allow":["GET"]}}],"collection":[{"href":"https:\/\/preprod.bonbay.fr\/_enovation\/fr\/wp-json\/wp\/v2\/pages"}],"about":[{"href":"https:\/\/preprod.bonbay.fr\/_enovation\/fr\/wp-json\/wp\/v2\/types\/page"}],"author":[{"embeddable":true,"href":"https:\/\/preprod.bonbay.fr\/_enovation\/fr\/wp-json\/wp\/v2\/users\/1"}],"replies":[{"embeddable":true,"href":"https:\/\/preprod.bonbay.fr\/_enovation\/fr\/wp-json\/wp\/v2\/comments?post=3386"}],"version-history":[{"count":16,"href":"https:\/\/preprod.bonbay.fr\/_enovation\/fr\/wp-json\/wp\/v2\/pages\/3386\/revisions"}],"predecessor-version":[{"id":6517,"href":"https:\/\/preprod.bonbay.fr\/_enovation\/fr\/wp-json\/wp\/v2\/pages\/3386\/revisions\/6517"}],"up":[{"embeddable":true,"href":"https:\/\/preprod.bonbay.fr\/_enovation\/fr\/wp-json\/wp\/v2\/pages\/3380"}],"wp:featuredmedia":[{"embeddable":true,"href":"https:\/\/preprod.bonbay.fr\/_enovation\/fr\/wp-json\/wp\/v2\/media\/467"}],"wp:attachment":[{"href":"https:\/\/preprod.bonbay.fr\/_enovation\/fr\/wp-json\/wp\/v2\/media?parent=3386"}],"curies":[{"name":"wp","href":"https:\/\/api.w.org\/{rel}","templated":true}]}}