{"id":3388,"date":"2025-04-04T17:13:34","date_gmt":"2025-04-04T15:13:34","guid":{"rendered":"https:\/\/preprod.bonbay.fr\/_enovation?page_id=3388"},"modified":"2025-08-18T14:28:01","modified_gmt":"2025-08-18T12:28:01","slug":"contact","status":"publish","type":"page","link":"https:\/\/preprod.bonbay.fr\/_enovation\/fr\/contact\/","title":{"rendered":"Contactez-nous"},"content":{"rendered":"<h2><strong data-start=\"157\" data-end=\"188\">Nous sommes \u00e0 votre \u00e9coute.<\/strong><\/h2>\n<h4>Plateformes e-learning open source, formations, cr\u00e9ation de contenus\u2026 nous avons l\u2019expertise pour vous accompagner. Remplissez simplement le formulaire ci-dessous : nous vous r\u00e9pondrons rapidement pour \u00e9changer sur vos objectifs et trouver, ensemble, la solution id\u00e9ale.<\/h4>\n","protected":false},"excerpt":{"rendered":"<p>Nous sommes \u00e0 votre \u00e9coute. Plateformes e-learning open source, formations, cr\u00e9ation de contenus\u2026 nous avons l\u2019expertise pour vous accompagner. Remplissez simplement le formulaire ci-dessous : nous vous r\u00e9pondrons rapidement pour \u00e9changer sur vos objectifs et trouver, ensemble, la solution id\u00e9ale.<\/p>\n","protected":false},"author":1,"featured_media":864,"parent":0,"menu_order":7,"comment_status":"closed","ping_status":"closed","template":"page-contact.php","meta":{"_acf_changed":false,"footnotes":""},"class_list":["post-3388","page","type-page","status-publish","has-post-thumbnail","hentry"],"acf":[],"yoast_head":"<!-- This site is optimized with the Yoast SEO Premium plugin v26.0 (Yoast SEO v26.7) - https:\/\/yoast.com\/wordpress\/plugins\/seo\/ -->\n<title>Contactez-nous | Enovation solutions<\/title>\n<meta name=\"description\" content=\"Contact Enovation for your LMS projects: request a demo, quote, or tailored support on Moodle, Totara, Workplace, and e-learning services.\" \/>\n<meta name=\"robots\" content=\"index, follow, max-snippet:-1, max-image-preview:large, max-video-preview:-1\" \/>\n<link rel=\"canonical\" href=\"https:\/\/preprod.bonbay.fr\/_enovation\/fr\/contact\/\" \/>\n<meta property=\"og:locale\" content=\"fr_FR\" \/>\n<meta property=\"og:type\" content=\"article\" \/>\n<meta property=\"og:title\" content=\"Contactez-nous\" \/>\n<meta property=\"og:description\" content=\"Contact Enovation for your LMS projects: request a demo, quote, or tailored support on Moodle, Totara, Workplace, and e-learning services.\" \/>\n<meta property=\"og:url\" content=\"https:\/\/preprod.bonbay.fr\/_enovation\/fr\/contact\/\" \/>\n<meta property=\"og:site_name\" content=\"Enovation solutions\" \/>\n<meta property=\"article:modified_time\" content=\"2025-08-18T12:28:01+00:00\" \/>\n<meta property=\"og:image\" content=\"https:\/\/preprod.bonbay.fr\/_enovation\/wp-content\/uploads\/2025\/05\/Enovation-OurWork-CasesStudies_03.jpg\" \/>\n\t<meta property=\"og:image:width\" content=\"1081\" \/>\n\t<meta property=\"og:image:height\" content=\"590\" \/>\n\t<meta property=\"og:image:type\" content=\"image\/jpeg\" \/>\n<meta name=\"twitter:card\" content=\"summary_large_image\" \/>\n<meta name=\"twitter:label1\" content=\"Dur\u00e9e de lecture estim\u00e9e\" \/>\n\t<meta name=\"twitter:data1\" content=\"1 minute\" \/>\n<script type=\"application\/ld+json\" class=\"yoast-schema-graph\">{\"@context\":\"https:\/\/schema.org\",\"@graph\":[{\"@type\":\"WebPage\",\"@id\":\"https:\/\/preprod.bonbay.fr\/_enovation\/fr\/contact\/\",\"url\":\"https:\/\/preprod.bonbay.fr\/_enovation\/fr\/contact\/\",\"name\":\"Contactez-nous | Enovation solutions\",\"isPartOf\":{\"@id\":\"https:\/\/preprod.bonbay.fr\/_enovation\/#website\"},\"primaryImageOfPage\":{\"@id\":\"https:\/\/preprod.bonbay.fr\/_enovation\/fr\/contact\/#primaryimage\"},\"image\":{\"@id\":\"https:\/\/preprod.bonbay.fr\/_enovation\/fr\/contact\/#primaryimage\"},\"thumbnailUrl\":\"https:\/\/preprod.bonbay.fr\/_enovation\/wp-content\/uploads\/2025\/05\/Enovation-OurWork-CasesStudies_03.jpg\",\"datePublished\":\"2025-04-04T15:13:34+00:00\",\"dateModified\":\"2025-08-18T12:28:01+00:00\",\"description\":\"Contact Enovation for your LMS projects: request a demo, quote, or tailored support on Moodle, Totara, Workplace, and e-learning services.\",\"breadcrumb\":{\"@id\":\"https:\/\/preprod.bonbay.fr\/_enovation\/fr\/contact\/#breadcrumb\"},\"inLanguage\":\"fr-FR\",\"potentialAction\":[{\"@type\":\"ReadAction\",\"target\":[\"https:\/\/preprod.bonbay.fr\/_enovation\/fr\/contact\/\"]}]},{\"@type\":\"ImageObject\",\"inLanguage\":\"fr-FR\",\"@id\":\"https:\/\/preprod.bonbay.fr\/_enovation\/fr\/contact\/#primaryimage\",\"url\":\"https:\/\/preprod.bonbay.fr\/_enovation\/wp-content\/uploads\/2025\/05\/Enovation-OurWork-CasesStudies_03.jpg\",\"contentUrl\":\"https:\/\/preprod.bonbay.fr\/_enovation\/wp-content\/uploads\/2025\/05\/Enovation-OurWork-CasesStudies_03.jpg\",\"width\":1081,\"height\":590},{\"@type\":\"BreadcrumbList\",\"@id\":\"https:\/\/preprod.bonbay.fr\/_enovation\/fr\/contact\/#breadcrumb\",\"itemListElement\":[{\"@type\":\"ListItem\",\"position\":1,\"name\":\"Accueil\",\"item\":\"https:\/\/preprod.bonbay.fr\/_enovation\/fr\/\"},{\"@type\":\"ListItem\",\"position\":2,\"name\":\"Contactez-nous\"}]},{\"@type\":\"WebSite\",\"@id\":\"https:\/\/preprod.bonbay.fr\/_enovation\/#website\",\"url\":\"https:\/\/preprod.bonbay.fr\/_enovation\/\",\"name\":\"Enovation Solutions\",\"description\":\"\",\"potentialAction\":[{\"@type\":\"SearchAction\",\"target\":{\"@type\":\"EntryPoint\",\"urlTemplate\":\"https:\/\/preprod.bonbay.fr\/_enovation\/?s={search_term_string}\"},\"query-input\":{\"@type\":\"PropertyValueSpecification\",\"valueRequired\":true,\"valueName\":\"search_term_string\"}}],\"inLanguage\":\"fr-FR\"}]}<\/script>\n<!-- \/ Yoast SEO Premium plugin. -->","yoast_head_json":{"title":"Contactez-nous | Enovation solutions","description":"Contact Enovation for your LMS projects: request a demo, quote, or tailored support on Moodle, Totara, Workplace, and e-learning services.","robots":{"index":"index","follow":"follow","max-snippet":"max-snippet:-1","max-image-preview":"max-image-preview:large","max-video-preview":"max-video-preview:-1"},"canonical":"https:\/\/preprod.bonbay.fr\/_enovation\/fr\/contact\/","og_locale":"fr_FR","og_type":"article","og_title":"Contactez-nous","og_description":"Contact Enovation for your LMS projects: request a demo, quote, or tailored support on Moodle, Totara, Workplace, and e-learning services.","og_url":"https:\/\/preprod.bonbay.fr\/_enovation\/fr\/contact\/","og_site_name":"Enovation solutions","article_modified_time":"2025-08-18T12:28:01+00:00","og_image":[{"width":1081,"height":590,"url":"https:\/\/preprod.bonbay.fr\/_enovation\/wp-content\/uploads\/2025\/05\/Enovation-OurWork-CasesStudies_03.jpg","type":"image\/jpeg"}],"twitter_card":"summary_large_image","twitter_misc":{"Dur\u00e9e de lecture estim\u00e9e":"1 minute"},"schema":{"@context":"https:\/\/schema.org","@graph":[{"@type":"WebPage","@id":"https:\/\/preprod.bonbay.fr\/_enovation\/fr\/contact\/","url":"https:\/\/preprod.bonbay.fr\/_enovation\/fr\/contact\/","name":"Contactez-nous | Enovation solutions","isPartOf":{"@id":"https:\/\/preprod.bonbay.fr\/_enovation\/#website"},"primaryImageOfPage":{"@id":"https:\/\/preprod.bonbay.fr\/_enovation\/fr\/contact\/#primaryimage"},"image":{"@id":"https:\/\/preprod.bonbay.fr\/_enovation\/fr\/contact\/#primaryimage"},"thumbnailUrl":"https:\/\/preprod.bonbay.fr\/_enovation\/wp-content\/uploads\/2025\/05\/Enovation-OurWork-CasesStudies_03.jpg","datePublished":"2025-04-04T15:13:34+00:00","dateModified":"2025-08-18T12:28:01+00:00","description":"Contact Enovation for your LMS projects: request a demo, quote, or tailored support on Moodle, Totara, Workplace, and e-learning services.","breadcrumb":{"@id":"https:\/\/preprod.bonbay.fr\/_enovation\/fr\/contact\/#breadcrumb"},"inLanguage":"fr-FR","potentialAction":[{"@type":"ReadAction","target":["https:\/\/preprod.bonbay.fr\/_enovation\/fr\/contact\/"]}]},{"@type":"ImageObject","inLanguage":"fr-FR","@id":"https:\/\/preprod.bonbay.fr\/_enovation\/fr\/contact\/#primaryimage","url":"https:\/\/preprod.bonbay.fr\/_enovation\/wp-content\/uploads\/2025\/05\/Enovation-OurWork-CasesStudies_03.jpg","contentUrl":"https:\/\/preprod.bonbay.fr\/_enovation\/wp-content\/uploads\/2025\/05\/Enovation-OurWork-CasesStudies_03.jpg","width":1081,"height":590},{"@type":"BreadcrumbList","@id":"https:\/\/preprod.bonbay.fr\/_enovation\/fr\/contact\/#breadcrumb","itemListElement":[{"@type":"ListItem","position":1,"name":"Accueil","item":"https:\/\/preprod.bonbay.fr\/_enovation\/fr\/"},{"@type":"ListItem","position":2,"name":"Contactez-nous"}]},{"@type":"WebSite","@id":"https:\/\/preprod.bonbay.fr\/_enovation\/#website","url":"https:\/\/preprod.bonbay.fr\/_enovation\/","name":"Enovation Solutions","description":"","potentialAction":[{"@type":"SearchAction","target":{"@type":"EntryPoint","urlTemplate":"https:\/\/preprod.bonbay.fr\/_enovation\/?s={search_term_string}"},"query-input":{"@type":"PropertyValueSpecification","valueRequired":true,"valueName":"search_term_string"}}],"inLanguage":"fr-FR"}]}},"_links":{"self":[{"href":"https:\/\/preprod.bonbay.fr\/_enovation\/fr\/wp-json\/wp\/v2\/pages\/3388","targetHints":{"allow":["GET"]}}],"collection":[{"href":"https:\/\/preprod.bonbay.fr\/_enovation\/fr\/wp-json\/wp\/v2\/pages"}],"about":[{"href":"https:\/\/preprod.bonbay.fr\/_enovation\/fr\/wp-json\/wp\/v2\/types\/page"}],"author":[{"embeddable":true,"href":"https:\/\/preprod.bonbay.fr\/_enovation\/fr\/wp-json\/wp\/v2\/users\/1"}],"replies":[{"embeddable":true,"href":"https:\/\/preprod.bonbay.fr\/_enovation\/fr\/wp-json\/wp\/v2\/comments?post=3388"}],"version-history":[{"count":8,"href":"https:\/\/preprod.bonbay.fr\/_enovation\/fr\/wp-json\/wp\/v2\/pages\/3388\/revisions"}],"predecessor-version":[{"id":4938,"href":"https:\/\/preprod.bonbay.fr\/_enovation\/fr\/wp-json\/wp\/v2\/pages\/3388\/revisions\/4938"}],"wp:featuredmedia":[{"embeddable":true,"href":"https:\/\/preprod.bonbay.fr\/_enovation\/fr\/wp-json\/wp\/v2\/media\/864"}],"wp:attachment":[{"href":"https:\/\/preprod.bonbay.fr\/_enovation\/fr\/wp-json\/wp\/v2\/media?parent=3388"}],"curies":[{"name":"wp","href":"https:\/\/api.w.org\/{rel}","templated":true}]}}