{"id":3390,"date":"2025-04-04T17:14:03","date_gmt":"2025-04-04T15:14:03","guid":{"rendered":"https:\/\/preprod.bonbay.fr\/_enovation?page_id=3390"},"modified":"2025-10-02T17:19:09","modified_gmt":"2025-10-02T15:19:09","slug":"legal","status":"publish","type":"page","link":"https:\/\/preprod.bonbay.fr\/_enovation\/fr\/legal\/","title":{"rendered":"Mentions l\u00e9gales"},"content":{"rendered":"<p><span style=\"font-weight: 400;\">Le contenu des pages accessibles sous le lien https:\/\/www.enovationsolutions.fr\u00a0 est la propri\u00e9t\u00e9 exclusive de la soci\u00e9t\u00e9 Enovation. En acc\u00e9dant au Site, l\u2019utilisateur reconna\u00eet avoir pris connaissance des pr\u00e9sentes conditions d\u2019utilisation et des dispositions concernant la collecte de donn\u00e9es personnelles, et en accepter et respecter les dispositions.\u00a0<\/span><\/p>\n<h4>Le Site est la propri\u00e9t\u00e9 de :<b><br \/>\n<\/b><\/h4>\n<p><span style=\"font-weight: 400;\">Le si\u00e8ge de cet organisme est situ\u00e9, 6 rue de la Passerelle 33100 BORDEAUX<br \/>\n<\/span><b>Siret : <\/b>824531115<span style=\"font-weight: 400;\">000<\/span>23<b><br \/>\n<\/b><b>N\u00b0 TVA<\/b> : FR43824531115<br \/>\n<b>NDA (formation) <\/b><span style=\"font-weight: 400;\">: 75 33 1106233<br \/>\n<\/span>SARL au capital de 200 000,00 \u20ac.<br \/>\n<span style=\"font-weight: 400;\">Le Directeur de la publication du pr\u00e9sent site est Gary MAHON, G\u00e9rant\u00a0<br \/>\n<\/span><strong>Contact :<\/strong> gary.mahon@enovationsolutions.fr<\/p>\n<h4>Titularit\u00e9 des droits :<\/h4>\n<p><b><\/b><span style=\"font-weight: 400;\">Tous les \u00e9l\u00e9ments de ce site internet (notamment les marques d\u00e9pos\u00e9es, noms de domaine, les textes, graphismes, charte graphique, logos, sons, photos, animations, bases de donn\u00e9es, ainsi que le Site en tant que tel) sont, \u00e0 l\u2019exclusion des \u00e9l\u00e9ments \u00e9manant de nos partenaires, la propri\u00e9t\u00e9 d\u2019Enovation ou font l\u2019objet d\u2019une autorisation l\u00e9gale d\u2019utilisation.<\/span><span style=\"font-weight: 400;\"><br \/>\n<\/span><\/p>\n<p><span style=\"font-weight: 400;\">La protection du Site rel\u00e8ve, par cons\u00e9quent, des l\u00e9gislations nationales et internationales relatives au droit de la propri\u00e9t\u00e9 intellectuelle dont notamment celles concernant le droit des marques, des brevets et le droit d\u2019auteur. D\u00e8s lors, toute reproduction ou repr\u00e9sentation ou rediffusion ou utilisation ou distribution ou copie ou d\u00e9naturation ou transmission ou adaptation ou d\u00e9compilation ou traduction, en tout ou partie, sur tout support \u00e9lectronique ou non, pr\u00e9sent ou futur, sont interdites sauf autorisation \u00e9crite, expr\u00e8s et pr\u00e9alable d\u2019Enovation. De m\u00eame, aucun droit ou licence ne saurait \u00eatre attribu\u00e9 sur l\u2019un quelconque des \u00e9l\u00e9ments du Site sans l\u2019autorisation \u00e9crite et pr\u00e9alable d\u2019Enovation ou du tiers, d\u00e9tenteur des droits sur ces \u00e9l\u00e9ments.<\/span><span style=\"font-weight: 400;\"><br \/>\n<\/span><\/p>\n<p><span style=\"font-weight: 400;\">La violation des droits d\u00e9volus \u00e0 Enovation est susceptible de constituer un acte de contrefa\u00e7on, une faute civile, une atteinte au droit \u00e0 l\u2019image et aux droits des personnes, engageant les responsabilit\u00e9s civile et p\u00e9nale de tout contrevenant. Il en va ainsi notamment des images ou photographies de personnes ou de lieux figurant sur le Site, propri\u00e9t\u00e9 de Enovation et\/ou utilis\u00e9es par Enovation avec l\u2019accord des titulaires des droits.<\/span><\/p>\n<p><span style=\"font-weight: 400;\">De m\u00eame, les bases de donn\u00e9es d\u2019informations sont prot\u00e9g\u00e9es par la loi, de sorte que toute extraction ou tentative d\u2019extraction quantitativement ou qualitativement substantielle, est susceptible d\u2019engager les responsabilit\u00e9s civile et p\u00e9nale de tout contrevenant.<\/span><\/p>\n<h4>Liens hypertextes :<b><br \/>\n<\/b><\/h4>\n<p><span style=\"font-weight: 400;\">https:\/\/Enovation.fr\/ propose des liens depuis le Site vers d\u2019autres sites affili\u00e9s et non-affili\u00e9s lesquels, ind\u00e9pendants du Site, ne sont pas \u00e9dit\u00e9s et\/ou contr\u00f4l\u00e9s par Enovation. Ces liens ne constituent par ailleurs, en aucun cas, une approbation ou un partenariat entre Enovation et les \u00e9diteurs de ces sites. D\u00e8s lors, Enovation ne saurait \u00eatre tenue pour responsable des contenus, produits, publicit\u00e9s ou tous \u00e9l\u00e9ments, informations ou services pr\u00e9sent\u00e9s sur ces sites. Ces sites affili\u00e9s ou non sont soumis \u00e0 leurs propres conditions d\u2019utilisation et de recueil des donn\u00e9es nominatives.<\/span><\/p>\n<p><span style=\"font-weight: 400;\">L\u2019autorisation de mise en place d\u2019un lien hypertexte vers le Site est valable pour tout support \u00e0 l\u2019exclusion de ceux diffusant des informations \u00e0 caract\u00e8re politique, religieux, pornographique, x\u00e9nophobe ou pouvant porter atteinte \u00e0 la sensibilit\u00e9 du plus grand nombre, \u00e0 la renomm\u00e9e et \u00e0 l\u2019image de marque d\u2019Enovation et \u00e0 la condition que ce lien pointe vers l\u2019adresse de la page d\u2019accueil du Site (https:\/\/www.enovationsolutions.fr\/). Au titre de cette autorisation, Enovation se r\u00e9serve toutefois un droit d\u2019opposition. De reste, tout proc\u00e9d\u00e9 visant \u00e0 faire appara\u00eetre les pages du Site comme \u00e9tant \u00e9dit\u00e9es par une autre source, tel que notamment l\u2019apparition des pages du Site dans un cadre (\u00ab frame \u00bb) comportant le logo et\/ou l\u2019adresse URL d\u2019une autre structure, n\u2019est pas autoris\u00e9. Dans tous les cas, rien ne doit m\u00e9prendre un visiteur sur l\u2019origine et l\u2019\u00e9metteur d\u2019une page vue.<\/span><\/p>\n<h4>Cookies :<\/h4>\n<p><span style=\"font-weight: 400;\">Les \u00ab cookies \u00bb d\u00e9pos\u00e9s par Enovation\u00a0 permettent exclusivement de faciliter la transmission des informations techniques. L\u2019utilisateur accepte qu\u2019Enovation place un ou plusieurs cookies dans le disque dur de son ordinateur, leur r\u00f4le \u00e9tant de permettre et faciliter la navigation et l\u2019accessibilit\u00e9 du Site. Ces cookies peuvent \u00eatre supprim\u00e9s \u00e0 tout moment par le client internaute.<\/span><span style=\"font-weight: 400;\"><br \/>\n<\/span><span style=\"font-weight: 400;\"> (Pour en savoir plus sur les cookies : http:\/\/www.cnil.fr\/vos-libertes\/vos-traces\/les-cookies\/ )<\/span><\/p>\n<h4>Respect des r\u00e9glementations :<\/h4>\n<p><span style=\"font-weight: 400;\">Le Site est mis en place par Enovation dont le si\u00e8ge social est en France. Les internautes, ayant acc\u00e8s au Site \u00e0 partir d\u2019autres zones g\u00e9ographiques que la France, doivent s\u2019assurer du respect des lois localement applicables.<\/span><\/p>\n<h4>Modification des conditions :<\/h4>\n<p><span style=\"font-weight: 400;\">Enovation se r\u00e9serve le droit de modifier et d\u2019actualiser les pr\u00e9sentes conditions g\u00e9n\u00e9rales \u00e0 tout moment et sans pr\u00e9avis.<\/span><span style=\"font-weight: 400;\"><br \/>\n<\/span><span style=\"font-weight: 400;\">Toute l\u2019\u00e9quipe de https:\/\/www.enovationsolutions.fr\/ vous remercie de l\u2019int\u00e9r\u00eat que vous portez \u00e0 notre site internet et vous souhaite bonne navigation.<\/span><\/p>\n","protected":false},"excerpt":{"rendered":"<p>Le contenu des pages accessibles sous le lien https:\/\/www.enovationsolutions.fr\u00a0 est la propri\u00e9t\u00e9 exclusive de la soci\u00e9t\u00e9 Enovation. En acc\u00e9dant au Site, l\u2019utilisateur reconna\u00eet avoir pris connaissance des pr\u00e9sentes conditions d\u2019utilisation et des dispositions concernant la collecte de donn\u00e9es personnelles, et en accepter et respecter les dispositions.\u00a0 Le Site est la propri\u00e9t\u00e9 de : Le si\u00e8ge [&hellip;]<\/p>\n","protected":false},"author":1,"featured_media":4466,"parent":0,"menu_order":10,"comment_status":"closed","ping_status":"closed","template":"","meta":{"_acf_changed":false,"footnotes":""},"class_list":["post-3390","page","type-page","status-publish","has-post-thumbnail","hentry"],"acf":[],"yoast_head":"<!-- This site is optimized with the Yoast SEO Premium plugin v26.0 (Yoast SEO v26.7) - https:\/\/yoast.com\/wordpress\/plugins\/seo\/ -->\n<title>Mentions l\u00e9gales | Enovation solutions<\/title>\n<meta name=\"robots\" content=\"noindex, nofollow\" \/>\n<meta property=\"og:locale\" content=\"fr_FR\" \/>\n<meta property=\"og:type\" content=\"article\" \/>\n<meta property=\"og:title\" content=\"Mentions l\u00e9gales\" \/>\n<meta property=\"og:description\" content=\"Le contenu des pages accessibles sous le lien https:\/\/www.enovationsolutions.fr\u00a0 est la propri\u00e9t\u00e9 exclusive de la soci\u00e9t\u00e9 Enovation. En acc\u00e9dant au Site, l\u2019utilisateur reconna\u00eet avoir pris connaissance des pr\u00e9sentes conditions d\u2019utilisation et des dispositions concernant la collecte de donn\u00e9es personnelles, et en accepter et respecter les dispositions.\u00a0 Le Site est la propri\u00e9t\u00e9 de : Le si\u00e8ge [&hellip;]\" \/>\n<meta property=\"og:url\" content=\"https:\/\/preprod.bonbay.fr\/_enovation\/fr\/legal\/\" \/>\n<meta property=\"og:site_name\" content=\"Enovation solutions\" \/>\n<meta property=\"article:modified_time\" content=\"2025-10-02T15:19:09+00:00\" \/>\n<meta property=\"og:image\" content=\"https:\/\/preprod.bonbay.fr\/_enovation\/wp-content\/uploads\/2025\/08\/Bordeaux.png\" \/>\n\t<meta property=\"og:image:width\" content=\"1280\" \/>\n\t<meta property=\"og:image:height\" content=\"853\" \/>\n\t<meta property=\"og:image:type\" content=\"image\/png\" \/>\n<meta name=\"twitter:card\" content=\"summary_large_image\" \/>\n<meta name=\"twitter:label1\" content=\"Dur\u00e9e de lecture estim\u00e9e\" \/>\n\t<meta name=\"twitter:data1\" content=\"4 minutes\" \/>\n<script type=\"application\/ld+json\" class=\"yoast-schema-graph\">{\"@context\":\"https:\/\/schema.org\",\"@graph\":[{\"@type\":\"WebPage\",\"@id\":\"https:\/\/preprod.bonbay.fr\/_enovation\/fr\/legal\/\",\"url\":\"https:\/\/preprod.bonbay.fr\/_enovation\/fr\/legal\/\",\"name\":\"Mentions l\u00e9gales | Enovation solutions\",\"isPartOf\":{\"@id\":\"https:\/\/preprod.bonbay.fr\/_enovation\/#website\"},\"primaryImageOfPage\":{\"@id\":\"https:\/\/preprod.bonbay.fr\/_enovation\/fr\/legal\/#primaryimage\"},\"image\":{\"@id\":\"https:\/\/preprod.bonbay.fr\/_enovation\/fr\/legal\/#primaryimage\"},\"thumbnailUrl\":\"https:\/\/preprod.bonbay.fr\/_enovation\/wp-content\/uploads\/2025\/08\/Bordeaux.png\",\"datePublished\":\"2025-04-04T15:14:03+00:00\",\"dateModified\":\"2025-10-02T15:19:09+00:00\",\"breadcrumb\":{\"@id\":\"https:\/\/preprod.bonbay.fr\/_enovation\/fr\/legal\/#breadcrumb\"},\"inLanguage\":\"fr-FR\",\"potentialAction\":[{\"@type\":\"ReadAction\",\"target\":[\"https:\/\/preprod.bonbay.fr\/_enovation\/fr\/legal\/\"]}]},{\"@type\":\"ImageObject\",\"inLanguage\":\"fr-FR\",\"@id\":\"https:\/\/preprod.bonbay.fr\/_enovation\/fr\/legal\/#primaryimage\",\"url\":\"https:\/\/preprod.bonbay.fr\/_enovation\/wp-content\/uploads\/2025\/08\/Bordeaux.png\",\"contentUrl\":\"https:\/\/preprod.bonbay.fr\/_enovation\/wp-content\/uploads\/2025\/08\/Bordeaux.png\",\"width\":1280,\"height\":853},{\"@type\":\"BreadcrumbList\",\"@id\":\"https:\/\/preprod.bonbay.fr\/_enovation\/fr\/legal\/#breadcrumb\",\"itemListElement\":[{\"@type\":\"ListItem\",\"position\":1,\"name\":\"Accueil\",\"item\":\"https:\/\/preprod.bonbay.fr\/_enovation\/fr\/\"},{\"@type\":\"ListItem\",\"position\":2,\"name\":\"Mentions l\u00e9gales\"}]},{\"@type\":\"WebSite\",\"@id\":\"https:\/\/preprod.bonbay.fr\/_enovation\/#website\",\"url\":\"https:\/\/preprod.bonbay.fr\/_enovation\/\",\"name\":\"Enovation Solutions\",\"description\":\"\",\"potentialAction\":[{\"@type\":\"SearchAction\",\"target\":{\"@type\":\"EntryPoint\",\"urlTemplate\":\"https:\/\/preprod.bonbay.fr\/_enovation\/?s={search_term_string}\"},\"query-input\":{\"@type\":\"PropertyValueSpecification\",\"valueRequired\":true,\"valueName\":\"search_term_string\"}}],\"inLanguage\":\"fr-FR\"}]}<\/script>\n<!-- \/ Yoast SEO Premium plugin. -->","yoast_head_json":{"title":"Mentions l\u00e9gales | Enovation solutions","robots":{"index":"noindex","follow":"nofollow"},"og_locale":"fr_FR","og_type":"article","og_title":"Mentions l\u00e9gales","og_description":"Le contenu des pages accessibles sous le lien https:\/\/www.enovationsolutions.fr\u00a0 est la propri\u00e9t\u00e9 exclusive de la soci\u00e9t\u00e9 Enovation. En acc\u00e9dant au Site, l\u2019utilisateur reconna\u00eet avoir pris connaissance des pr\u00e9sentes conditions d\u2019utilisation et des dispositions concernant la collecte de donn\u00e9es personnelles, et en accepter et respecter les dispositions.\u00a0 Le Site est la propri\u00e9t\u00e9 de : Le si\u00e8ge [&hellip;]","og_url":"https:\/\/preprod.bonbay.fr\/_enovation\/fr\/legal\/","og_site_name":"Enovation solutions","article_modified_time":"2025-10-02T15:19:09+00:00","og_image":[{"width":1280,"height":853,"url":"https:\/\/preprod.bonbay.fr\/_enovation\/wp-content\/uploads\/2025\/08\/Bordeaux.png","type":"image\/png"}],"twitter_card":"summary_large_image","twitter_misc":{"Dur\u00e9e de lecture estim\u00e9e":"4 minutes"},"schema":{"@context":"https:\/\/schema.org","@graph":[{"@type":"WebPage","@id":"https:\/\/preprod.bonbay.fr\/_enovation\/fr\/legal\/","url":"https:\/\/preprod.bonbay.fr\/_enovation\/fr\/legal\/","name":"Mentions l\u00e9gales | Enovation solutions","isPartOf":{"@id":"https:\/\/preprod.bonbay.fr\/_enovation\/#website"},"primaryImageOfPage":{"@id":"https:\/\/preprod.bonbay.fr\/_enovation\/fr\/legal\/#primaryimage"},"image":{"@id":"https:\/\/preprod.bonbay.fr\/_enovation\/fr\/legal\/#primaryimage"},"thumbnailUrl":"https:\/\/preprod.bonbay.fr\/_enovation\/wp-content\/uploads\/2025\/08\/Bordeaux.png","datePublished":"2025-04-04T15:14:03+00:00","dateModified":"2025-10-02T15:19:09+00:00","breadcrumb":{"@id":"https:\/\/preprod.bonbay.fr\/_enovation\/fr\/legal\/#breadcrumb"},"inLanguage":"fr-FR","potentialAction":[{"@type":"ReadAction","target":["https:\/\/preprod.bonbay.fr\/_enovation\/fr\/legal\/"]}]},{"@type":"ImageObject","inLanguage":"fr-FR","@id":"https:\/\/preprod.bonbay.fr\/_enovation\/fr\/legal\/#primaryimage","url":"https:\/\/preprod.bonbay.fr\/_enovation\/wp-content\/uploads\/2025\/08\/Bordeaux.png","contentUrl":"https:\/\/preprod.bonbay.fr\/_enovation\/wp-content\/uploads\/2025\/08\/Bordeaux.png","width":1280,"height":853},{"@type":"BreadcrumbList","@id":"https:\/\/preprod.bonbay.fr\/_enovation\/fr\/legal\/#breadcrumb","itemListElement":[{"@type":"ListItem","position":1,"name":"Accueil","item":"https:\/\/preprod.bonbay.fr\/_enovation\/fr\/"},{"@type":"ListItem","position":2,"name":"Mentions l\u00e9gales"}]},{"@type":"WebSite","@id":"https:\/\/preprod.bonbay.fr\/_enovation\/#website","url":"https:\/\/preprod.bonbay.fr\/_enovation\/","name":"Enovation Solutions","description":"","potentialAction":[{"@type":"SearchAction","target":{"@type":"EntryPoint","urlTemplate":"https:\/\/preprod.bonbay.fr\/_enovation\/?s={search_term_string}"},"query-input":{"@type":"PropertyValueSpecification","valueRequired":true,"valueName":"search_term_string"}}],"inLanguage":"fr-FR"}]}},"_links":{"self":[{"href":"https:\/\/preprod.bonbay.fr\/_enovation\/fr\/wp-json\/wp\/v2\/pages\/3390","targetHints":{"allow":["GET"]}}],"collection":[{"href":"https:\/\/preprod.bonbay.fr\/_enovation\/fr\/wp-json\/wp\/v2\/pages"}],"about":[{"href":"https:\/\/preprod.bonbay.fr\/_enovation\/fr\/wp-json\/wp\/v2\/types\/page"}],"author":[{"embeddable":true,"href":"https:\/\/preprod.bonbay.fr\/_enovation\/fr\/wp-json\/wp\/v2\/users\/1"}],"replies":[{"embeddable":true,"href":"https:\/\/preprod.bonbay.fr\/_enovation\/fr\/wp-json\/wp\/v2\/comments?post=3390"}],"version-history":[{"count":16,"href":"https:\/\/preprod.bonbay.fr\/_enovation\/fr\/wp-json\/wp\/v2\/pages\/3390\/revisions"}],"predecessor-version":[{"id":6564,"href":"https:\/\/preprod.bonbay.fr\/_enovation\/fr\/wp-json\/wp\/v2\/pages\/3390\/revisions\/6564"}],"wp:featuredmedia":[{"embeddable":true,"href":"https:\/\/preprod.bonbay.fr\/_enovation\/fr\/wp-json\/wp\/v2\/media\/4466"}],"wp:attachment":[{"href":"https:\/\/preprod.bonbay.fr\/_enovation\/fr\/wp-json\/wp\/v2\/media?parent=3390"}],"curies":[{"name":"wp","href":"https:\/\/api.w.org\/{rel}","templated":true}]}}