{"id":3391,"date":"2025-04-04T16:11:49","date_gmt":"2025-04-04T14:11:49","guid":{"rendered":"https:\/\/preprod.bonbay.fr\/_enovation?page_id=3391"},"modified":"2025-10-02T17:07:12","modified_gmt":"2025-10-02T15:07:12","slug":"privacy","status":"publish","type":"page","link":"https:\/\/preprod.bonbay.fr\/_enovation\/fr\/privacy\/","title":{"rendered":"Donn\u00e9es personnelles"},"content":{"rendered":"<p><strong data-start=\"562\" data-end=\"581\">Date effective:<\/strong> 02 Octobre 2025<br data-start=\"618\" data-end=\"621\" \/><br \/>\n<strong data-start=\"621\" data-end=\"638\">Date de derni\u00e8re mise \u00e0 jour:<\/strong> 02 Octobre 2025<\/p>\n<h4>1.0 Introduction<\/h4>\n<p>Nous nous engageons \u00e0 prot\u00e9ger et \u00e0 respecter votre vie priv\u00e9e. La pr\u00e9sente Politique de Confidentialit\u00e9 explique comment nous collectons, utilisons, divulguons et prot\u00e9geons vos donn\u00e9es personnelles lorsque vous acc\u00e9dez \u00e0 notre site internet et \u00e0 nos services associ\u00e9s.<\/p>\n<p>Notre site internet est accessible \u00e0 l\u2019adresse : \u00a0<a href=\"https:\/\/www.enovationsolutions.fr\/\"><strong>https:\/\/www.enovationsolutions.fr<\/strong><\/a><\/p>\n<p>Les termes \u00ab donn\u00e9es personnelles \u00bb, \u00ab traitement \u00bb, \u00ab personne concern\u00e9e \u00bb, etc., ont le sens d\u00e9fini par le <strong>R\u00e8glement G\u00e9n\u00e9ral sur la Protection des Donn\u00e9es (RGPD &#8211; R\u00e8glement (UE) 2016\/679)<\/strong> et par la <strong>loi fran\u00e7aise Informatique et Libert\u00e9s n\u00b078-17 du 6 janvier 1978 modifi\u00e9e<\/strong>.<\/p>\n<p>En utilisant notre Site et\/ou en nous fournissant vos donn\u00e9es personnelles, vous acceptez les pratiques d\u00e9crites dans la pr\u00e9sente politique.<\/p>\n<h4>2.0 Coordonn\u00e9es<\/h4>\n<p><strong>Responsable de traitement :<\/strong><br \/>\nD\u00e9nomination sociale : Enovation SARL (France)<br \/>\nAdresse : 6 rue de la Passerelle, 33100 Bordeaux, France<br \/>\nRCS : 824 531 115 000 23 RCS Bordeaux<br \/>\nTVA: FR43 824531115<br \/>\nCapital social : 200 000,00 euros<br \/>\nG\u00e9rant : G. Mahon<\/p>\n<p>Pour toute question relative \u00e0 cette politique ou au traitement de vos donn\u00e9es personnelles, vous pouvez nous contacter aux coordonn\u00e9es ci-dessus.<br \/>\nEn France, vous pouvez \u00e9galement contacter notre repr\u00e9sentant pour l\u2019Union europ\u00e9enne ou la CNIL (voir Section 13).<\/p>\n<h4><strong>3.0 <\/strong>Comment vos donn\u00e9es sont-elles collect\u00e9es ?<\/h4>\n<p><strong>Donn\u00e9es fournies directement :<\/strong><\/p>\n<ul>\n<li>Informations de contact (nom, adresse e-mail, num\u00e9ro de t\u00e9l\u00e9phone) via les formulaires (contact, inscription \u00e0 la newsletter, demande de devis).<\/li>\n<li>Identifiants de compte (nom d\u2019utilisateur, mot de passe) lors de la cr\u00e9ation d\u2019un compte.<\/li>\n<li>Communications que vous nous adressez (contenu des messages, retours, r\u00e9ponses \u00e0 des enqu\u00eates).<\/li>\n<li>Informations optionnelles (nom de soci\u00e9t\u00e9, fonction, pr\u00e9f\u00e9rences).<\/li>\n<\/ul>\n<p><strong><br \/>\nDonn\u00e9es collect\u00e9es automatiquement :<\/strong><\/p>\n<ul>\n<li>Donn\u00e9es techniques : adresse IP, type d\u2019appareil, navigateur.<\/li>\n<li>Donn\u00e9es d\u2019utilisation : pages visit\u00e9es, temps pass\u00e9, parcours de navigation, site r\u00e9f\u00e9rent, recherches.<\/li>\n<li>Cookies et technologies similaires (cf. Section 7).<\/li>\n<\/ul>\n<p><strong><br \/>\nDonn\u00e9es provenant de tiers :<\/strong><\/p>\n<ul>\n<li>Fournisseurs d\u2019analyses (ex. Google Analytics).<\/li>\n<li>R\u00e9seaux publicitaires.<\/li>\n<li>R\u00e9seaux sociaux (en cas de connexion via un compte social).<\/li>\n<li>Fournisseurs de paiement.<\/li>\n<li>Bases de donn\u00e9es publiques.<\/li>\n<\/ul>\n<h4>4.0 \u00c0 quoi servent vos donn\u00e9es ?<\/h4>\n<p>Conform\u00e9ment \u00e0 l\u2019<strong>article 6 du RGPD<\/strong>, nous traitons vos donn\u00e9es sur les bases suivantes :<\/p>\n<ul>\n<li><strong>Consentement<\/strong> : pour l\u2019envoi de newsletters, marketing ou cookies non essentiels.<\/li>\n<li><strong>Ex\u00e9cution d\u2019un contrat \/ mesures pr\u00e9contractuelles<\/strong> : ex. traitement des paiements, gestion des services souscrits.<\/li>\n<li><strong>Obligations l\u00e9gales<\/strong> : obligations fiscales, comptables ou r\u00e9glementaires.<\/li>\n<li><strong>Int\u00e9r\u00eats l\u00e9gitimes<\/strong> : ex. am\u00e9lioration des services, s\u00e9curit\u00e9, pr\u00e9vention de la fraude, analyses internes.<\/li>\n<\/ul>\n<p>\nFinalit\u00e9s principales :<\/p>\n<ul>\n<li>Fourniture et gestion des services contractuels.<\/li>\n<li>Communication avec vous (r\u00e9ponses, mises \u00e0 jour).<\/li>\n<li>Envoi d\u2019informations commerciales (sous r\u00e9serve de votre consentement).<\/li>\n<li>Analyses et am\u00e9lioration du site et des services.<\/li>\n<li>Respect de nos obligations l\u00e9gales et r\u00e9glementaires.<\/li>\n<\/ul>\n<h4>5.0 Partage des donn\u00e9es personnelles<\/h4>\n<p>Vos donn\u00e9es sont trait\u00e9es par Enovation dans l\u2019Union europ\u00e9enne. Nous pouvons partager certaines informations avec des prestataires tiers tels que :<\/p>\n<ul>\n<li>Mailchimp (marketing par e-mail)<\/li>\n<li>NetSuite (CRM)<\/li>\n<li>Xero (comptabilit\u00e9)<\/li>\n<li>Google (analyses)<\/li>\n<li>Formilla (chat en ligne)<\/li>\n<li>Moodle et Totara (plateformes LMS)<\/li>\n<\/ul>\n<p>Ces destinataires n\u2019ont acc\u00e8s qu\u2019aux donn\u00e9es n\u00e9cessaires \u00e0 leurs missions et sont contractuellement tenus de respecter leur confidentialit\u00e9.<\/p>\n<p><strong>En outre, nous pouvons partager vos donn\u00e9es avec :<\/strong><\/p>\n<ul>\n<li>Nos collaborateurs et sous-traitants techniques.<\/li>\n<li>Des tiers en cas de restructuration, fusion ou cession.<\/li>\n<li>Les autorit\u00e9s l\u00e9gales et administratives si la loi l\u2019exige.<\/li>\n<\/ul>\n<h4>6.0 Transferts internationaux<\/h4>\n<p>Si vos donn\u00e9es sont transf\u00e9r\u00e9es hors de l\u2019EEE, nous veillons \u00e0 ce que :<\/p>\n<ul>\n<li>Le pays de destination b\u00e9n\u00e9ficie d\u2019une d\u00e9cision d\u2019ad\u00e9quation de la Commission europ\u00e9enne, ou<\/li>\n<li>Des garanties appropri\u00e9es soient mises en place (clauses contractuelles types, BCR), ou<\/li>\n<li>Vous ayez donn\u00e9 votre consentement explicite.<\/li>\n<\/ul>\n<h4>7.0 \u00c0 propos des \u00ab cookies \u00bb<\/h4>\n<p><strong>Nous utilisons des cookies pour :<\/strong><\/p>\n<ul>\n<li>Assurer le bon fonctionnement du site (cookies n\u00e9cessaires).<\/li>\n<li>Analyser la fr\u00e9quentation (cookies analytiques).<\/li>\n<li>Personnaliser votre exp\u00e9rience (cookies fonctionnels).<\/li>\n<li>Proposer de la publicit\u00e9 cibl\u00e9e (cookies marketing).<\/li>\n<\/ul>\n<p>Conform\u00e9ment \u00e0 la r\u00e9glementation fran\u00e7aise (directive ePrivacy et recommandations de la <strong>CNIL<\/strong>), les cookies non essentiels n\u00e9cessitent votre <strong>consentement pr\u00e9alable<\/strong> (bandeau cookies, pr\u00e9f\u00e9rence centre).<\/p>\n<p>Vous pouvez retirer votre consentement \u00e0 tout moment via les param\u00e8tres de votre navigateur ou l\u2019outil de gestion des cookies.<\/p>\n<h4>8.0 Pendant combien de temps vos donn\u00e9es sont-elles conserv\u00e9es ?<\/h4>\n<ul>\n<li>Les donn\u00e9es contractuelles : conserv\u00e9es pendant la dur\u00e9e du contrat et archiv\u00e9es selon les obligations l\u00e9gales (ex. 10 ans pour la comptabilit\u00e9).<\/li>\n<li>Les donn\u00e9es marketing : conserv\u00e9es jusqu\u2019au retrait de votre consentement ou 3 ans apr\u00e8s le dernier contact.<\/li>\n<\/ul>\n<p>Pass\u00e9 ce d\u00e9lai, les donn\u00e9es sont supprim\u00e9es ou anonymis\u00e9es.<\/p>\n<p>Si vous pensez que les donn\u00e9es personnelles que nous d\u00e9tenons sur vous sont incorrectes ou incompl\u00e8tes, vous pouvez demander \u00e0 voir ces informations, les rectifier ou les faire supprimer en nous contactant \u00e0\u00a0<strong>dpo@enovationsolutions.fr.<\/strong><\/p>\n<h4>9.0 S\u00e9curit\u00e9 des donn\u00e9es<\/h4>\n<p>Nous mettons en \u0153uvre des mesures techniques et organisationnelles adapt\u00e9es :<\/p>\n<ul>\n<li>Chiffrement des donn\u00e9es.<\/li>\n<li>Serveurs s\u00e9curis\u00e9s et contr\u00f4les d\u2019acc\u00e8s.<\/li>\n<li>Tests et audits r\u00e9guliers.<\/li>\n<li>Acc\u00e8s limit\u00e9 aux seules personnes habilit\u00e9es.<\/li>\n<\/ul>\n<h4>10.0 Quels sont vos droits sur vos donn\u00e9es et comment les exercer ?<\/h4>\n<p>Conform\u00e9ment au <strong>RGPD et \u00e0 la loi Informatique et Libert\u00e9s<\/strong>, vous disposez des droits suivants :<\/p>\n<ul>\n<li>Droit d\u2019acc\u00e8s, de rectification, d\u2019effacement.<\/li>\n<li>Droit \u00e0 la limitation du traitement.<\/li>\n<li>Droit d\u2019opposition (notamment au marketing).<\/li>\n<li>Droit \u00e0 la portabilit\u00e9 de vos donn\u00e9es.<\/li>\n<li>Droit de retirer votre consentement \u00e0 tout moment.<\/li>\n<li>Droit de d\u00e9finir des directives relatives au sort de vos donn\u00e9es apr\u00e8s votre d\u00e9c\u00e8s (article 85 LIL).<\/li>\n<\/ul>\n<p>Pour exercer vos droits, contactez-nous (cf. Section 2). Nous r\u00e9pondrons sous un mois.<\/p>\n<h4>11.0 Donn\u00e9es des mineurs<\/h4>\n<p>Nos services ne sont pas destin\u00e9s aux mineurs de moins de <strong>15 ans<\/strong> (\u00e2ge du consentement num\u00e9rique fix\u00e9 en France).<br \/>\nNous ne collectons pas sciemment leurs donn\u00e9es. Si nous en avons connaissance, elles seront supprim\u00e9es.<\/p>\n<h4>12.0 Modifications de la Politique<\/h4>\n<p>Nous pouvons mettre \u00e0 jour la pr\u00e9sente Politique afin de refl\u00e9ter des changements l\u00e9gislatifs, techniques ou organisationnels. La version en vigueur est toujours accessible sur notre site.<\/p>\n<h4>13.0 R\u00e9clamations &amp; Autorit\u00e9 de contr\u00f4le<\/h4>\n<p>Si vous estimez que vos droits ne sont pas respect\u00e9s, vous pouvez introduire une r\u00e9clamation aupr\u00e8s de la <strong>CNIL<\/strong> :<\/p>\n<p><strong>Commission Nationale de l\u2019Informatique et des Libert\u00e9s (CNIL)<\/strong><br \/>\nAdresse : 3 Place de Fontenoy \u2013 TSA 80715 \u2013 75334 Paris Cedex 07<br \/>\nSite web : www.cnil.fr<\/p>\n<p>Vous pouvez \u00e9galement saisir l\u2019autorit\u00e9 de protection des donn\u00e9es de tout autre \u00c9tat membre de l\u2019Union europ\u00e9enne.<\/p>\n<p>&nbsp;<\/p>\n","protected":false},"excerpt":{"rendered":"<p>Date effective: 02 Octobre 2025 Date de derni\u00e8re mise \u00e0 jour: 02 Octobre 2025 1.0 Introduction Nous nous engageons \u00e0 prot\u00e9ger et \u00e0 respecter votre vie priv\u00e9e. La pr\u00e9sente Politique de Confidentialit\u00e9 explique comment nous collectons, utilisons, divulguons et prot\u00e9geons vos donn\u00e9es personnelles lorsque vous acc\u00e9dez \u00e0 notre site internet et \u00e0 nos services associ\u00e9s. [&hellip;]<\/p>\n","protected":false},"author":1,"featured_media":5514,"parent":0,"menu_order":11,"comment_status":"closed","ping_status":"closed","template":"","meta":{"_acf_changed":false,"footnotes":""},"class_list":["post-3391","page","type-page","status-publish","has-post-thumbnail","hentry"],"acf":[],"yoast_head":"<!-- This site is optimized with the Yoast SEO Premium plugin v26.0 (Yoast SEO v26.7) - https:\/\/yoast.com\/wordpress\/plugins\/seo\/ -->\n<title>Donn\u00e9es personnelles | Enovation solutions<\/title>\n<meta name=\"robots\" content=\"noindex, nofollow\" \/>\n<meta property=\"og:locale\" content=\"fr_FR\" \/>\n<meta property=\"og:type\" content=\"article\" \/>\n<meta property=\"og:title\" content=\"Donn\u00e9es personnelles\" \/>\n<meta property=\"og:description\" content=\"Date effective: 02 Octobre 2025 Date de derni\u00e8re mise \u00e0 jour: 02 Octobre 2025 1.0 Introduction Nous nous engageons \u00e0 prot\u00e9ger et \u00e0 respecter votre vie priv\u00e9e. La pr\u00e9sente Politique de Confidentialit\u00e9 explique comment nous collectons, utilisons, divulguons et prot\u00e9geons vos donn\u00e9es personnelles lorsque vous acc\u00e9dez \u00e0 notre site internet et \u00e0 nos services associ\u00e9s. [&hellip;]\" \/>\n<meta property=\"og:url\" content=\"https:\/\/preprod.bonbay.fr\/_enovation\/fr\/privacy\/\" \/>\n<meta property=\"og:site_name\" content=\"Enovation solutions\" \/>\n<meta property=\"article:modified_time\" content=\"2025-10-02T15:07:12+00:00\" \/>\n<meta property=\"og:image\" content=\"https:\/\/preprod.bonbay.fr\/_enovation\/wp-content\/uploads\/2025\/09\/Legal-page-header.jpeg\" \/>\n\t<meta property=\"og:image:width\" content=\"1000\" \/>\n\t<meta property=\"og:image:height\" content=\"602\" \/>\n\t<meta property=\"og:image:type\" content=\"image\/jpeg\" \/>\n<meta name=\"twitter:card\" content=\"summary_large_image\" \/>\n<meta name=\"twitter:label1\" content=\"Dur\u00e9e de lecture estim\u00e9e\" \/>\n\t<meta name=\"twitter:data1\" content=\"5 minutes\" \/>\n<script type=\"application\/ld+json\" class=\"yoast-schema-graph\">{\"@context\":\"https:\/\/schema.org\",\"@graph\":[{\"@type\":\"WebPage\",\"@id\":\"https:\/\/preprod.bonbay.fr\/_enovation\/fr\/privacy\/\",\"url\":\"https:\/\/preprod.bonbay.fr\/_enovation\/fr\/privacy\/\",\"name\":\"Donn\u00e9es personnelles | Enovation solutions\",\"isPartOf\":{\"@id\":\"https:\/\/preprod.bonbay.fr\/_enovation\/#website\"},\"primaryImageOfPage\":{\"@id\":\"https:\/\/preprod.bonbay.fr\/_enovation\/fr\/privacy\/#primaryimage\"},\"image\":{\"@id\":\"https:\/\/preprod.bonbay.fr\/_enovation\/fr\/privacy\/#primaryimage\"},\"thumbnailUrl\":\"https:\/\/preprod.bonbay.fr\/_enovation\/wp-content\/uploads\/2025\/09\/Legal-page-header.jpeg\",\"datePublished\":\"2025-04-04T14:11:49+00:00\",\"dateModified\":\"2025-10-02T15:07:12+00:00\",\"breadcrumb\":{\"@id\":\"https:\/\/preprod.bonbay.fr\/_enovation\/fr\/privacy\/#breadcrumb\"},\"inLanguage\":\"fr-FR\",\"potentialAction\":[{\"@type\":\"ReadAction\",\"target\":[\"https:\/\/preprod.bonbay.fr\/_enovation\/fr\/privacy\/\"]}]},{\"@type\":\"ImageObject\",\"inLanguage\":\"fr-FR\",\"@id\":\"https:\/\/preprod.bonbay.fr\/_enovation\/fr\/privacy\/#primaryimage\",\"url\":\"https:\/\/preprod.bonbay.fr\/_enovation\/wp-content\/uploads\/2025\/09\/Legal-page-header.jpeg\",\"contentUrl\":\"https:\/\/preprod.bonbay.fr\/_enovation\/wp-content\/uploads\/2025\/09\/Legal-page-header.jpeg\",\"width\":1000,\"height\":602,\"caption\":\"Compliance concept with young man in the night\"},{\"@type\":\"BreadcrumbList\",\"@id\":\"https:\/\/preprod.bonbay.fr\/_enovation\/fr\/privacy\/#breadcrumb\",\"itemListElement\":[{\"@type\":\"ListItem\",\"position\":1,\"name\":\"Accueil\",\"item\":\"https:\/\/preprod.bonbay.fr\/_enovation\/fr\/\"},{\"@type\":\"ListItem\",\"position\":2,\"name\":\"Donn\u00e9es personnelles\"}]},{\"@type\":\"WebSite\",\"@id\":\"https:\/\/preprod.bonbay.fr\/_enovation\/#website\",\"url\":\"https:\/\/preprod.bonbay.fr\/_enovation\/\",\"name\":\"Enovation Solutions\",\"description\":\"\",\"potentialAction\":[{\"@type\":\"SearchAction\",\"target\":{\"@type\":\"EntryPoint\",\"urlTemplate\":\"https:\/\/preprod.bonbay.fr\/_enovation\/?s={search_term_string}\"},\"query-input\":{\"@type\":\"PropertyValueSpecification\",\"valueRequired\":true,\"valueName\":\"search_term_string\"}}],\"inLanguage\":\"fr-FR\"}]}<\/script>\n<!-- \/ Yoast SEO Premium plugin. -->","yoast_head_json":{"title":"Donn\u00e9es personnelles | Enovation solutions","robots":{"index":"noindex","follow":"nofollow"},"og_locale":"fr_FR","og_type":"article","og_title":"Donn\u00e9es personnelles","og_description":"Date effective: 02 Octobre 2025 Date de derni\u00e8re mise \u00e0 jour: 02 Octobre 2025 1.0 Introduction Nous nous engageons \u00e0 prot\u00e9ger et \u00e0 respecter votre vie priv\u00e9e. La pr\u00e9sente Politique de Confidentialit\u00e9 explique comment nous collectons, utilisons, divulguons et prot\u00e9geons vos donn\u00e9es personnelles lorsque vous acc\u00e9dez \u00e0 notre site internet et \u00e0 nos services associ\u00e9s. [&hellip;]","og_url":"https:\/\/preprod.bonbay.fr\/_enovation\/fr\/privacy\/","og_site_name":"Enovation solutions","article_modified_time":"2025-10-02T15:07:12+00:00","og_image":[{"width":1000,"height":602,"url":"https:\/\/preprod.bonbay.fr\/_enovation\/wp-content\/uploads\/2025\/09\/Legal-page-header.jpeg","type":"image\/jpeg"}],"twitter_card":"summary_large_image","twitter_misc":{"Dur\u00e9e de lecture estim\u00e9e":"5 minutes"},"schema":{"@context":"https:\/\/schema.org","@graph":[{"@type":"WebPage","@id":"https:\/\/preprod.bonbay.fr\/_enovation\/fr\/privacy\/","url":"https:\/\/preprod.bonbay.fr\/_enovation\/fr\/privacy\/","name":"Donn\u00e9es personnelles | Enovation solutions","isPartOf":{"@id":"https:\/\/preprod.bonbay.fr\/_enovation\/#website"},"primaryImageOfPage":{"@id":"https:\/\/preprod.bonbay.fr\/_enovation\/fr\/privacy\/#primaryimage"},"image":{"@id":"https:\/\/preprod.bonbay.fr\/_enovation\/fr\/privacy\/#primaryimage"},"thumbnailUrl":"https:\/\/preprod.bonbay.fr\/_enovation\/wp-content\/uploads\/2025\/09\/Legal-page-header.jpeg","datePublished":"2025-04-04T14:11:49+00:00","dateModified":"2025-10-02T15:07:12+00:00","breadcrumb":{"@id":"https:\/\/preprod.bonbay.fr\/_enovation\/fr\/privacy\/#breadcrumb"},"inLanguage":"fr-FR","potentialAction":[{"@type":"ReadAction","target":["https:\/\/preprod.bonbay.fr\/_enovation\/fr\/privacy\/"]}]},{"@type":"ImageObject","inLanguage":"fr-FR","@id":"https:\/\/preprod.bonbay.fr\/_enovation\/fr\/privacy\/#primaryimage","url":"https:\/\/preprod.bonbay.fr\/_enovation\/wp-content\/uploads\/2025\/09\/Legal-page-header.jpeg","contentUrl":"https:\/\/preprod.bonbay.fr\/_enovation\/wp-content\/uploads\/2025\/09\/Legal-page-header.jpeg","width":1000,"height":602,"caption":"Compliance concept with young man in the night"},{"@type":"BreadcrumbList","@id":"https:\/\/preprod.bonbay.fr\/_enovation\/fr\/privacy\/#breadcrumb","itemListElement":[{"@type":"ListItem","position":1,"name":"Accueil","item":"https:\/\/preprod.bonbay.fr\/_enovation\/fr\/"},{"@type":"ListItem","position":2,"name":"Donn\u00e9es personnelles"}]},{"@type":"WebSite","@id":"https:\/\/preprod.bonbay.fr\/_enovation\/#website","url":"https:\/\/preprod.bonbay.fr\/_enovation\/","name":"Enovation Solutions","description":"","potentialAction":[{"@type":"SearchAction","target":{"@type":"EntryPoint","urlTemplate":"https:\/\/preprod.bonbay.fr\/_enovation\/?s={search_term_string}"},"query-input":{"@type":"PropertyValueSpecification","valueRequired":true,"valueName":"search_term_string"}}],"inLanguage":"fr-FR"}]}},"_links":{"self":[{"href":"https:\/\/preprod.bonbay.fr\/_enovation\/fr\/wp-json\/wp\/v2\/pages\/3391","targetHints":{"allow":["GET"]}}],"collection":[{"href":"https:\/\/preprod.bonbay.fr\/_enovation\/fr\/wp-json\/wp\/v2\/pages"}],"about":[{"href":"https:\/\/preprod.bonbay.fr\/_enovation\/fr\/wp-json\/wp\/v2\/types\/page"}],"author":[{"embeddable":true,"href":"https:\/\/preprod.bonbay.fr\/_enovation\/fr\/wp-json\/wp\/v2\/users\/1"}],"replies":[{"embeddable":true,"href":"https:\/\/preprod.bonbay.fr\/_enovation\/fr\/wp-json\/wp\/v2\/comments?post=3391"}],"version-history":[{"count":8,"href":"https:\/\/preprod.bonbay.fr\/_enovation\/fr\/wp-json\/wp\/v2\/pages\/3391\/revisions"}],"predecessor-version":[{"id":6557,"href":"https:\/\/preprod.bonbay.fr\/_enovation\/fr\/wp-json\/wp\/v2\/pages\/3391\/revisions\/6557"}],"wp:featuredmedia":[{"embeddable":true,"href":"https:\/\/preprod.bonbay.fr\/_enovation\/fr\/wp-json\/wp\/v2\/media\/5514"}],"wp:attachment":[{"href":"https:\/\/preprod.bonbay.fr\/_enovation\/fr\/wp-json\/wp\/v2\/media?parent=3391"}],"curies":[{"name":"wp","href":"https:\/\/api.w.org\/{rel}","templated":true}]}}