{"id":3795,"date":"2025-04-07T09:57:56","date_gmt":"2025-04-07T07:57:56","guid":{"rendered":"https:\/\/preprod.bonbay.fr\/_enovation?page_id=3795"},"modified":"2025-09-29T16:06:47","modified_gmt":"2025-09-29T14:06:47","slug":"enohub-portal","status":"publish","type":"page","link":"https:\/\/preprod.bonbay.fr\/_enovation\/pl\/products\/enohub-portal\/","title":{"rendered":"Portal EnoHub"},"content":{"rendered":"","protected":false},"excerpt":{"rendered":"","protected":false},"author":1,"featured_media":1696,"parent":3791,"menu_order":4,"comment_status":"closed","ping_status":"closed","template":"page-moodle.php","meta":{"_acf_changed":false,"footnotes":""},"class_list":["post-3795","page","type-page","status-publish","has-post-thumbnail","hentry"],"acf":[],"yoast_head":"<!-- This site is optimized with the Yoast SEO Premium plugin v26.0 (Yoast SEO v26.7) - https:\/\/yoast.com\/wordpress\/plugins\/seo\/ -->\n<title>Portal EnoHub | Enovation solutions<\/title>\n<meta name=\"description\" content=\"enoHub od Enovation: rozwi\u0105zanie do nauki spo\u0142ecznej wspieraj\u0105ce wsp\u00f3\u0142prac\u0119, dzielenie si\u0119 wiedz\u0105 i zaanga\u017cowanie pracownik\u00f3w.\" \/>\n<meta name=\"robots\" content=\"index, follow, max-snippet:-1, max-image-preview:large, max-video-preview:-1\" \/>\n<link rel=\"canonical\" href=\"https:\/\/preprod.bonbay.fr\/_enovation\/pl\/products\/enohub-portal\/\" \/>\n<meta property=\"og:locale\" content=\"pl_PL\" \/>\n<meta property=\"og:type\" content=\"article\" \/>\n<meta property=\"og:title\" content=\"Portal EnoHub\" \/>\n<meta property=\"og:description\" content=\"enoHub od Enovation: rozwi\u0105zanie do nauki spo\u0142ecznej wspieraj\u0105ce wsp\u00f3\u0142prac\u0119, dzielenie si\u0119 wiedz\u0105 i zaanga\u017cowanie pracownik\u00f3w.\" \/>\n<meta property=\"og:url\" content=\"https:\/\/preprod.bonbay.fr\/_enovation\/pl\/products\/enohub-portal\/\" \/>\n<meta property=\"og:site_name\" content=\"Enovation solutions\" \/>\n<meta property=\"article:modified_time\" content=\"2025-09-29T14:06:47+00:00\" \/>\n<meta property=\"og:image\" content=\"https:\/\/preprod.bonbay.fr\/_enovation\/wp-content\/uploads\/2025\/06\/AdobeStock_191478410.jpeg\" \/>\n\t<meta property=\"og:image:width\" content=\"1000\" \/>\n\t<meta property=\"og:image:height\" content=\"711\" \/>\n\t<meta property=\"og:image:type\" content=\"image\/jpeg\" \/>\n<meta name=\"twitter:card\" content=\"summary_large_image\" \/>\n<meta name=\"twitter:label1\" content=\"Szacowany czas czytania\" \/>\n\t<meta name=\"twitter:data1\" content=\"1 minuta\" \/>\n<script type=\"application\/ld+json\" class=\"yoast-schema-graph\">{\"@context\":\"https:\/\/schema.org\",\"@graph\":[{\"@type\":\"WebPage\",\"@id\":\"https:\/\/preprod.bonbay.fr\/_enovation\/pl\/products\/enohub-portal\/\",\"url\":\"https:\/\/preprod.bonbay.fr\/_enovation\/pl\/products\/enohub-portal\/\",\"name\":\"Portal EnoHub | Enovation solutions\",\"isPartOf\":{\"@id\":\"https:\/\/preprod.bonbay.fr\/_enovation\/#website\"},\"primaryImageOfPage\":{\"@id\":\"https:\/\/preprod.bonbay.fr\/_enovation\/pl\/products\/enohub-portal\/#primaryimage\"},\"image\":{\"@id\":\"https:\/\/preprod.bonbay.fr\/_enovation\/pl\/products\/enohub-portal\/#primaryimage\"},\"thumbnailUrl\":\"https:\/\/preprod.bonbay.fr\/_enovation\/wp-content\/uploads\/2025\/06\/AdobeStock_191478410.jpeg\",\"datePublished\":\"2025-04-07T07:57:56+00:00\",\"dateModified\":\"2025-09-29T14:06:47+00:00\",\"description\":\"enoHub od Enovation: rozwi\u0105zanie do nauki spo\u0142ecznej wspieraj\u0105ce wsp\u00f3\u0142prac\u0119, dzielenie si\u0119 wiedz\u0105 i zaanga\u017cowanie pracownik\u00f3w.\",\"breadcrumb\":{\"@id\":\"https:\/\/preprod.bonbay.fr\/_enovation\/pl\/products\/enohub-portal\/#breadcrumb\"},\"inLanguage\":\"pl-PL\",\"potentialAction\":[{\"@type\":\"ReadAction\",\"target\":[\"https:\/\/preprod.bonbay.fr\/_enovation\/pl\/products\/enohub-portal\/\"]}]},{\"@type\":\"ImageObject\",\"inLanguage\":\"pl-PL\",\"@id\":\"https:\/\/preprod.bonbay.fr\/_enovation\/pl\/products\/enohub-portal\/#primaryimage\",\"url\":\"https:\/\/preprod.bonbay.fr\/_enovation\/wp-content\/uploads\/2025\/06\/AdobeStock_191478410.jpeg\",\"contentUrl\":\"https:\/\/preprod.bonbay.fr\/_enovation\/wp-content\/uploads\/2025\/06\/AdobeStock_191478410.jpeg\",\"width\":1000,\"height\":711,\"caption\":\"Smiling professional doctor and medical staff working at the hospital, he is examining patient's medical records\"},{\"@type\":\"BreadcrumbList\",\"@id\":\"https:\/\/preprod.bonbay.fr\/_enovation\/pl\/products\/enohub-portal\/#breadcrumb\",\"itemListElement\":[{\"@type\":\"ListItem\",\"position\":1,\"name\":\"Accueil\",\"item\":\"https:\/\/preprod.bonbay.fr\/_enovation\/pl\/\"},{\"@type\":\"ListItem\",\"position\":2,\"name\":\"Produkt\",\"item\":\"https:\/\/preprod.bonbay.fr\/_enovation\/products\/\"},{\"@type\":\"ListItem\",\"position\":3,\"name\":\"Portal EnoHub\"}]},{\"@type\":\"WebSite\",\"@id\":\"https:\/\/preprod.bonbay.fr\/_enovation\/#website\",\"url\":\"https:\/\/preprod.bonbay.fr\/_enovation\/\",\"name\":\"Enovation Solutions\",\"description\":\"\",\"potentialAction\":[{\"@type\":\"SearchAction\",\"target\":{\"@type\":\"EntryPoint\",\"urlTemplate\":\"https:\/\/preprod.bonbay.fr\/_enovation\/?s={search_term_string}\"},\"query-input\":{\"@type\":\"PropertyValueSpecification\",\"valueRequired\":true,\"valueName\":\"search_term_string\"}}],\"inLanguage\":\"pl-PL\"}]}<\/script>\n<!-- \/ Yoast SEO Premium plugin. -->","yoast_head_json":{"title":"Portal EnoHub | Enovation solutions","description":"enoHub od Enovation: rozwi\u0105zanie do nauki spo\u0142ecznej wspieraj\u0105ce wsp\u00f3\u0142prac\u0119, dzielenie si\u0119 wiedz\u0105 i zaanga\u017cowanie pracownik\u00f3w.","robots":{"index":"index","follow":"follow","max-snippet":"max-snippet:-1","max-image-preview":"max-image-preview:large","max-video-preview":"max-video-preview:-1"},"canonical":"https:\/\/preprod.bonbay.fr\/_enovation\/pl\/products\/enohub-portal\/","og_locale":"pl_PL","og_type":"article","og_title":"Portal EnoHub","og_description":"enoHub od Enovation: rozwi\u0105zanie do nauki spo\u0142ecznej wspieraj\u0105ce wsp\u00f3\u0142prac\u0119, dzielenie si\u0119 wiedz\u0105 i zaanga\u017cowanie pracownik\u00f3w.","og_url":"https:\/\/preprod.bonbay.fr\/_enovation\/pl\/products\/enohub-portal\/","og_site_name":"Enovation solutions","article_modified_time":"2025-09-29T14:06:47+00:00","og_image":[{"width":1000,"height":711,"url":"https:\/\/preprod.bonbay.fr\/_enovation\/wp-content\/uploads\/2025\/06\/AdobeStock_191478410.jpeg","type":"image\/jpeg"}],"twitter_card":"summary_large_image","twitter_misc":{"Szacowany czas czytania":"1 minuta"},"schema":{"@context":"https:\/\/schema.org","@graph":[{"@type":"WebPage","@id":"https:\/\/preprod.bonbay.fr\/_enovation\/pl\/products\/enohub-portal\/","url":"https:\/\/preprod.bonbay.fr\/_enovation\/pl\/products\/enohub-portal\/","name":"Portal EnoHub | Enovation solutions","isPartOf":{"@id":"https:\/\/preprod.bonbay.fr\/_enovation\/#website"},"primaryImageOfPage":{"@id":"https:\/\/preprod.bonbay.fr\/_enovation\/pl\/products\/enohub-portal\/#primaryimage"},"image":{"@id":"https:\/\/preprod.bonbay.fr\/_enovation\/pl\/products\/enohub-portal\/#primaryimage"},"thumbnailUrl":"https:\/\/preprod.bonbay.fr\/_enovation\/wp-content\/uploads\/2025\/06\/AdobeStock_191478410.jpeg","datePublished":"2025-04-07T07:57:56+00:00","dateModified":"2025-09-29T14:06:47+00:00","description":"enoHub od Enovation: rozwi\u0105zanie do nauki spo\u0142ecznej wspieraj\u0105ce wsp\u00f3\u0142prac\u0119, dzielenie si\u0119 wiedz\u0105 i zaanga\u017cowanie pracownik\u00f3w.","breadcrumb":{"@id":"https:\/\/preprod.bonbay.fr\/_enovation\/pl\/products\/enohub-portal\/#breadcrumb"},"inLanguage":"pl-PL","potentialAction":[{"@type":"ReadAction","target":["https:\/\/preprod.bonbay.fr\/_enovation\/pl\/products\/enohub-portal\/"]}]},{"@type":"ImageObject","inLanguage":"pl-PL","@id":"https:\/\/preprod.bonbay.fr\/_enovation\/pl\/products\/enohub-portal\/#primaryimage","url":"https:\/\/preprod.bonbay.fr\/_enovation\/wp-content\/uploads\/2025\/06\/AdobeStock_191478410.jpeg","contentUrl":"https:\/\/preprod.bonbay.fr\/_enovation\/wp-content\/uploads\/2025\/06\/AdobeStock_191478410.jpeg","width":1000,"height":711,"caption":"Smiling professional doctor and medical staff working at the hospital, he is examining patient's medical records"},{"@type":"BreadcrumbList","@id":"https:\/\/preprod.bonbay.fr\/_enovation\/pl\/products\/enohub-portal\/#breadcrumb","itemListElement":[{"@type":"ListItem","position":1,"name":"Accueil","item":"https:\/\/preprod.bonbay.fr\/_enovation\/pl\/"},{"@type":"ListItem","position":2,"name":"Produkt","item":"https:\/\/preprod.bonbay.fr\/_enovation\/products\/"},{"@type":"ListItem","position":3,"name":"Portal EnoHub"}]},{"@type":"WebSite","@id":"https:\/\/preprod.bonbay.fr\/_enovation\/#website","url":"https:\/\/preprod.bonbay.fr\/_enovation\/","name":"Enovation Solutions","description":"","potentialAction":[{"@type":"SearchAction","target":{"@type":"EntryPoint","urlTemplate":"https:\/\/preprod.bonbay.fr\/_enovation\/?s={search_term_string}"},"query-input":{"@type":"PropertyValueSpecification","valueRequired":true,"valueName":"search_term_string"}}],"inLanguage":"pl-PL"}]}},"_links":{"self":[{"href":"https:\/\/preprod.bonbay.fr\/_enovation\/pl\/wp-json\/wp\/v2\/pages\/3795","targetHints":{"allow":["GET"]}}],"collection":[{"href":"https:\/\/preprod.bonbay.fr\/_enovation\/pl\/wp-json\/wp\/v2\/pages"}],"about":[{"href":"https:\/\/preprod.bonbay.fr\/_enovation\/pl\/wp-json\/wp\/v2\/types\/page"}],"author":[{"embeddable":true,"href":"https:\/\/preprod.bonbay.fr\/_enovation\/pl\/wp-json\/wp\/v2\/users\/1"}],"replies":[{"embeddable":true,"href":"https:\/\/preprod.bonbay.fr\/_enovation\/pl\/wp-json\/wp\/v2\/comments?post=3795"}],"version-history":[{"count":14,"href":"https:\/\/preprod.bonbay.fr\/_enovation\/pl\/wp-json\/wp\/v2\/pages\/3795\/revisions"}],"predecessor-version":[{"id":6179,"href":"https:\/\/preprod.bonbay.fr\/_enovation\/pl\/wp-json\/wp\/v2\/pages\/3795\/revisions\/6179"}],"up":[{"embeddable":true,"href":"https:\/\/preprod.bonbay.fr\/_enovation\/pl\/wp-json\/wp\/v2\/pages\/3791"}],"wp:featuredmedia":[{"embeddable":true,"href":"https:\/\/preprod.bonbay.fr\/_enovation\/pl\/wp-json\/wp\/v2\/media\/1696"}],"wp:attachment":[{"href":"https:\/\/preprod.bonbay.fr\/_enovation\/pl\/wp-json\/wp\/v2\/media?parent=3795"}],"curies":[{"name":"wp","href":"https:\/\/api.w.org\/{rel}","templated":true}]}}