{"id":3796,"date":"2025-04-07T09:58:16","date_gmt":"2025-04-07T07:58:16","guid":{"rendered":"https:\/\/preprod.bonbay.fr\/_enovation?page_id=3796"},"modified":"2025-09-26T12:56:01","modified_gmt":"2025-09-26T10:56:01","slug":"enovation-plugins","status":"publish","type":"page","link":"https:\/\/preprod.bonbay.fr\/_enovation\/pl\/products\/enovation-plugins\/","title":{"rendered":"Wtyczki Enovation"},"content":{"rendered":"","protected":false},"excerpt":{"rendered":"","protected":false},"author":1,"featured_media":3297,"parent":3791,"menu_order":5,"comment_status":"closed","ping_status":"closed","template":"page-plugins.php","meta":{"_acf_changed":false,"footnotes":""},"class_list":["post-3796","page","type-page","status-publish","has-post-thumbnail","hentry"],"acf":[],"yoast_head":"<!-- This site is optimized with the Yoast SEO Premium plugin v26.0 (Yoast SEO v26.7) - https:\/\/yoast.com\/wordpress\/plugins\/seo\/ -->\n<title>Wtyczki Enovation | Enovation solutions<\/title>\n<meta name=\"description\" content=\"Odkryj wtyczki Enovation dla Moodle i Totara: zwi\u0119ksz zaanga\u017cowanie uczni\u00f3w, nawigacj\u0119 i dost\u0119pno\u015b\u0107 szkole\u0144 online dzi\u0119ki naszym dostosowanym rozszerzeniom.\" \/>\n<meta name=\"robots\" content=\"index, follow, max-snippet:-1, max-image-preview:large, max-video-preview:-1\" \/>\n<link rel=\"canonical\" href=\"https:\/\/preprod.bonbay.fr\/_enovation\/pl\/products\/enovation-plugins\/\" \/>\n<meta property=\"og:locale\" content=\"pl_PL\" \/>\n<meta property=\"og:type\" content=\"article\" \/>\n<meta property=\"og:title\" content=\"Wtyczki Enovation\" \/>\n<meta property=\"og:description\" content=\"Odkryj wtyczki Enovation dla Moodle i Totara: zwi\u0119ksz zaanga\u017cowanie uczni\u00f3w, nawigacj\u0119 i dost\u0119pno\u015b\u0107 szkole\u0144 online dzi\u0119ki naszym dostosowanym rozszerzeniom.\" \/>\n<meta property=\"og:url\" content=\"https:\/\/preprod.bonbay.fr\/_enovation\/pl\/products\/enovation-plugins\/\" \/>\n<meta property=\"og:site_name\" content=\"Enovation solutions\" \/>\n<meta property=\"article:modified_time\" content=\"2025-09-26T10:56:01+00:00\" \/>\n<meta property=\"og:image\" content=\"https:\/\/preprod.bonbay.fr\/_enovation\/wp-content\/uploads\/2025\/07\/Enovation-plugin-header.png\" \/>\n\t<meta property=\"og:image:width\" content=\"1772\" \/>\n\t<meta property=\"og:image:height\" content=\"1772\" \/>\n\t<meta property=\"og:image:type\" content=\"image\/png\" \/>\n<meta name=\"twitter:card\" content=\"summary_large_image\" \/>\n<meta name=\"twitter:label1\" content=\"Szacowany czas czytania\" \/>\n\t<meta name=\"twitter:data1\" content=\"1 minuta\" \/>\n<script type=\"application\/ld+json\" class=\"yoast-schema-graph\">{\"@context\":\"https:\/\/schema.org\",\"@graph\":[{\"@type\":\"WebPage\",\"@id\":\"https:\/\/preprod.bonbay.fr\/_enovation\/pl\/products\/enovation-plugins\/\",\"url\":\"https:\/\/preprod.bonbay.fr\/_enovation\/pl\/products\/enovation-plugins\/\",\"name\":\"Wtyczki Enovation | Enovation solutions\",\"isPartOf\":{\"@id\":\"https:\/\/preprod.bonbay.fr\/_enovation\/#website\"},\"primaryImageOfPage\":{\"@id\":\"https:\/\/preprod.bonbay.fr\/_enovation\/pl\/products\/enovation-plugins\/#primaryimage\"},\"image\":{\"@id\":\"https:\/\/preprod.bonbay.fr\/_enovation\/pl\/products\/enovation-plugins\/#primaryimage\"},\"thumbnailUrl\":\"https:\/\/preprod.bonbay.fr\/_enovation\/wp-content\/uploads\/2025\/07\/Enovation-plugin-header.png\",\"datePublished\":\"2025-04-07T07:58:16+00:00\",\"dateModified\":\"2025-09-26T10:56:01+00:00\",\"description\":\"Odkryj wtyczki Enovation dla Moodle i Totara: zwi\u0119ksz zaanga\u017cowanie uczni\u00f3w, nawigacj\u0119 i dost\u0119pno\u015b\u0107 szkole\u0144 online dzi\u0119ki naszym dostosowanym rozszerzeniom.\",\"breadcrumb\":{\"@id\":\"https:\/\/preprod.bonbay.fr\/_enovation\/pl\/products\/enovation-plugins\/#breadcrumb\"},\"inLanguage\":\"pl-PL\",\"potentialAction\":[{\"@type\":\"ReadAction\",\"target\":[\"https:\/\/preprod.bonbay.fr\/_enovation\/pl\/products\/enovation-plugins\/\"]}]},{\"@type\":\"ImageObject\",\"inLanguage\":\"pl-PL\",\"@id\":\"https:\/\/preprod.bonbay.fr\/_enovation\/pl\/products\/enovation-plugins\/#primaryimage\",\"url\":\"https:\/\/preprod.bonbay.fr\/_enovation\/wp-content\/uploads\/2025\/07\/Enovation-plugin-header.png\",\"contentUrl\":\"https:\/\/preprod.bonbay.fr\/_enovation\/wp-content\/uploads\/2025\/07\/Enovation-plugin-header.png\",\"width\":1772,\"height\":1772,\"caption\":\"Image showing three screens with various plugins screenshots\"},{\"@type\":\"BreadcrumbList\",\"@id\":\"https:\/\/preprod.bonbay.fr\/_enovation\/pl\/products\/enovation-plugins\/#breadcrumb\",\"itemListElement\":[{\"@type\":\"ListItem\",\"position\":1,\"name\":\"Accueil\",\"item\":\"https:\/\/preprod.bonbay.fr\/_enovation\/pl\/\"},{\"@type\":\"ListItem\",\"position\":2,\"name\":\"Produkt\",\"item\":\"https:\/\/preprod.bonbay.fr\/_enovation\/products\/\"},{\"@type\":\"ListItem\",\"position\":3,\"name\":\"Wtyczki Enovation\"}]},{\"@type\":\"WebSite\",\"@id\":\"https:\/\/preprod.bonbay.fr\/_enovation\/#website\",\"url\":\"https:\/\/preprod.bonbay.fr\/_enovation\/\",\"name\":\"Enovation Solutions\",\"description\":\"\",\"potentialAction\":[{\"@type\":\"SearchAction\",\"target\":{\"@type\":\"EntryPoint\",\"urlTemplate\":\"https:\/\/preprod.bonbay.fr\/_enovation\/?s={search_term_string}\"},\"query-input\":{\"@type\":\"PropertyValueSpecification\",\"valueRequired\":true,\"valueName\":\"search_term_string\"}}],\"inLanguage\":\"pl-PL\"}]}<\/script>\n<!-- \/ Yoast SEO Premium plugin. -->","yoast_head_json":{"title":"Wtyczki Enovation | Enovation solutions","description":"Odkryj wtyczki Enovation dla Moodle i Totara: zwi\u0119ksz zaanga\u017cowanie uczni\u00f3w, nawigacj\u0119 i dost\u0119pno\u015b\u0107 szkole\u0144 online dzi\u0119ki naszym dostosowanym rozszerzeniom.","robots":{"index":"index","follow":"follow","max-snippet":"max-snippet:-1","max-image-preview":"max-image-preview:large","max-video-preview":"max-video-preview:-1"},"canonical":"https:\/\/preprod.bonbay.fr\/_enovation\/pl\/products\/enovation-plugins\/","og_locale":"pl_PL","og_type":"article","og_title":"Wtyczki Enovation","og_description":"Odkryj wtyczki Enovation dla Moodle i Totara: zwi\u0119ksz zaanga\u017cowanie uczni\u00f3w, nawigacj\u0119 i dost\u0119pno\u015b\u0107 szkole\u0144 online dzi\u0119ki naszym dostosowanym rozszerzeniom.","og_url":"https:\/\/preprod.bonbay.fr\/_enovation\/pl\/products\/enovation-plugins\/","og_site_name":"Enovation solutions","article_modified_time":"2025-09-26T10:56:01+00:00","og_image":[{"width":1772,"height":1772,"url":"https:\/\/preprod.bonbay.fr\/_enovation\/wp-content\/uploads\/2025\/07\/Enovation-plugin-header.png","type":"image\/png"}],"twitter_card":"summary_large_image","twitter_misc":{"Szacowany czas czytania":"1 minuta"},"schema":{"@context":"https:\/\/schema.org","@graph":[{"@type":"WebPage","@id":"https:\/\/preprod.bonbay.fr\/_enovation\/pl\/products\/enovation-plugins\/","url":"https:\/\/preprod.bonbay.fr\/_enovation\/pl\/products\/enovation-plugins\/","name":"Wtyczki Enovation | Enovation solutions","isPartOf":{"@id":"https:\/\/preprod.bonbay.fr\/_enovation\/#website"},"primaryImageOfPage":{"@id":"https:\/\/preprod.bonbay.fr\/_enovation\/pl\/products\/enovation-plugins\/#primaryimage"},"image":{"@id":"https:\/\/preprod.bonbay.fr\/_enovation\/pl\/products\/enovation-plugins\/#primaryimage"},"thumbnailUrl":"https:\/\/preprod.bonbay.fr\/_enovation\/wp-content\/uploads\/2025\/07\/Enovation-plugin-header.png","datePublished":"2025-04-07T07:58:16+00:00","dateModified":"2025-09-26T10:56:01+00:00","description":"Odkryj wtyczki Enovation dla Moodle i Totara: zwi\u0119ksz zaanga\u017cowanie uczni\u00f3w, nawigacj\u0119 i dost\u0119pno\u015b\u0107 szkole\u0144 online dzi\u0119ki naszym dostosowanym rozszerzeniom.","breadcrumb":{"@id":"https:\/\/preprod.bonbay.fr\/_enovation\/pl\/products\/enovation-plugins\/#breadcrumb"},"inLanguage":"pl-PL","potentialAction":[{"@type":"ReadAction","target":["https:\/\/preprod.bonbay.fr\/_enovation\/pl\/products\/enovation-plugins\/"]}]},{"@type":"ImageObject","inLanguage":"pl-PL","@id":"https:\/\/preprod.bonbay.fr\/_enovation\/pl\/products\/enovation-plugins\/#primaryimage","url":"https:\/\/preprod.bonbay.fr\/_enovation\/wp-content\/uploads\/2025\/07\/Enovation-plugin-header.png","contentUrl":"https:\/\/preprod.bonbay.fr\/_enovation\/wp-content\/uploads\/2025\/07\/Enovation-plugin-header.png","width":1772,"height":1772,"caption":"Image showing three screens with various plugins screenshots"},{"@type":"BreadcrumbList","@id":"https:\/\/preprod.bonbay.fr\/_enovation\/pl\/products\/enovation-plugins\/#breadcrumb","itemListElement":[{"@type":"ListItem","position":1,"name":"Accueil","item":"https:\/\/preprod.bonbay.fr\/_enovation\/pl\/"},{"@type":"ListItem","position":2,"name":"Produkt","item":"https:\/\/preprod.bonbay.fr\/_enovation\/products\/"},{"@type":"ListItem","position":3,"name":"Wtyczki Enovation"}]},{"@type":"WebSite","@id":"https:\/\/preprod.bonbay.fr\/_enovation\/#website","url":"https:\/\/preprod.bonbay.fr\/_enovation\/","name":"Enovation Solutions","description":"","potentialAction":[{"@type":"SearchAction","target":{"@type":"EntryPoint","urlTemplate":"https:\/\/preprod.bonbay.fr\/_enovation\/?s={search_term_string}"},"query-input":{"@type":"PropertyValueSpecification","valueRequired":true,"valueName":"search_term_string"}}],"inLanguage":"pl-PL"}]}},"_links":{"self":[{"href":"https:\/\/preprod.bonbay.fr\/_enovation\/pl\/wp-json\/wp\/v2\/pages\/3796","targetHints":{"allow":["GET"]}}],"collection":[{"href":"https:\/\/preprod.bonbay.fr\/_enovation\/pl\/wp-json\/wp\/v2\/pages"}],"about":[{"href":"https:\/\/preprod.bonbay.fr\/_enovation\/pl\/wp-json\/wp\/v2\/types\/page"}],"author":[{"embeddable":true,"href":"https:\/\/preprod.bonbay.fr\/_enovation\/pl\/wp-json\/wp\/v2\/users\/1"}],"replies":[{"embeddable":true,"href":"https:\/\/preprod.bonbay.fr\/_enovation\/pl\/wp-json\/wp\/v2\/comments?post=3796"}],"version-history":[{"count":26,"href":"https:\/\/preprod.bonbay.fr\/_enovation\/pl\/wp-json\/wp\/v2\/pages\/3796\/revisions"}],"predecessor-version":[{"id":6081,"href":"https:\/\/preprod.bonbay.fr\/_enovation\/pl\/wp-json\/wp\/v2\/pages\/3796\/revisions\/6081"}],"up":[{"embeddable":true,"href":"https:\/\/preprod.bonbay.fr\/_enovation\/pl\/wp-json\/wp\/v2\/pages\/3791"}],"wp:featuredmedia":[{"embeddable":true,"href":"https:\/\/preprod.bonbay.fr\/_enovation\/pl\/wp-json\/wp\/v2\/media\/3297"}],"wp:attachment":[{"href":"https:\/\/preprod.bonbay.fr\/_enovation\/pl\/wp-json\/wp\/v2\/media?parent=3796"}],"curies":[{"name":"wp","href":"https:\/\/api.w.org\/{rel}","templated":true}]}}