{"id":3820,"date":"2025-04-07T10:04:10","date_gmt":"2025-04-07T08:04:10","guid":{"rendered":"https:\/\/preprod.bonbay.fr\/_enovation?page_id=3820"},"modified":"2025-08-06T09:42:48","modified_gmt":"2025-08-06T07:42:48","slug":"case-studies","status":"publish","type":"page","link":"https:\/\/preprod.bonbay.fr\/_enovation\/pl\/our-work\/case-studies\/","title":{"rendered":"Studium przypadku"},"content":{"rendered":"","protected":false},"excerpt":{"rendered":"","protected":false},"author":1,"featured_media":865,"parent":3818,"menu_order":1,"comment_status":"closed","ping_status":"closed","template":"page-case-studies.php","meta":{"_acf_changed":false,"footnotes":""},"class_list":["post-3820","page","type-page","status-publish","has-post-thumbnail","hentry"],"acf":[],"yoast_head":"<!-- This site is optimized with the Yoast SEO Premium plugin v26.0 (Yoast SEO v26.7) - https:\/\/yoast.com\/wordpress\/plugins\/seo\/ -->\n<title>Studium przypadku | Enovation solutions<\/title>\n<meta name=\"description\" content=\"Poznaj nasze studia przypadk\u00f3w klient\u00f3w: zobacz, jak Enovation wspiera\u0142a organizacje publiczne, prywatne i non-profit w ich transformacji cyfrowej z Moodle i Totara.\" \/>\n<meta name=\"robots\" content=\"index, follow, max-snippet:-1, max-image-preview:large, max-video-preview:-1\" \/>\n<link rel=\"canonical\" href=\"https:\/\/preprod.bonbay.fr\/_enovation\/our-work\/case-studies\/\" \/>\n<meta property=\"og:locale\" content=\"pl_PL\" \/>\n<meta property=\"og:type\" content=\"article\" \/>\n<meta property=\"og:title\" content=\"Studium przypadku\" \/>\n<meta property=\"og:description\" content=\"Poznaj nasze studia przypadk\u00f3w klient\u00f3w: zobacz, jak Enovation wspiera\u0142a organizacje publiczne, prywatne i non-profit w ich transformacji cyfrowej z Moodle i Totara.\" \/>\n<meta property=\"og:url\" content=\"https:\/\/preprod.bonbay.fr\/_enovation\/our-work\/case-studies\/\" \/>\n<meta property=\"og:site_name\" content=\"Enovation solutions\" \/>\n<meta property=\"article:modified_time\" content=\"2025-08-06T07:42:48+00:00\" \/>\n<meta property=\"og:image\" content=\"https:\/\/preprod.bonbay.fr\/_enovation\/wp-content\/uploads\/2025\/05\/Enovation-OurWork-CasesStudies_03.jpg\" \/>\n\t<meta property=\"og:image:width\" content=\"1081\" \/>\n\t<meta property=\"og:image:height\" content=\"590\" \/>\n\t<meta property=\"og:image:type\" content=\"image\/jpeg\" \/>\n<meta name=\"twitter:card\" content=\"summary_large_image\" \/>\n<meta name=\"twitter:label1\" content=\"Szacowany czas czytania\" \/>\n\t<meta name=\"twitter:data1\" content=\"1 minuta\" \/>\n<script type=\"application\/ld+json\" class=\"yoast-schema-graph\">{\"@context\":\"https:\/\/schema.org\",\"@graph\":[{\"@type\":\"WebPage\",\"@id\":\"https:\/\/preprod.bonbay.fr\/_enovation\/our-work\/case-studies\/\",\"url\":\"https:\/\/preprod.bonbay.fr\/_enovation\/our-work\/case-studies\/\",\"name\":\"Studium przypadku | Enovation solutions\",\"isPartOf\":{\"@id\":\"https:\/\/preprod.bonbay.fr\/_enovation\/#website\"},\"primaryImageOfPage\":{\"@id\":\"https:\/\/preprod.bonbay.fr\/_enovation\/our-work\/case-studies\/#primaryimage\"},\"image\":{\"@id\":\"https:\/\/preprod.bonbay.fr\/_enovation\/our-work\/case-studies\/#primaryimage\"},\"thumbnailUrl\":\"https:\/\/preprod.bonbay.fr\/_enovation\/wp-content\/uploads\/2025\/05\/Enovation-OurWork-CasesStudies_03.jpg\",\"datePublished\":\"2025-04-07T08:04:10+00:00\",\"dateModified\":\"2025-08-06T07:42:48+00:00\",\"description\":\"Poznaj nasze studia przypadk\u00f3w klient\u00f3w: zobacz, jak Enovation wspiera\u0142a organizacje publiczne, prywatne i non-profit w ich transformacji cyfrowej z Moodle i Totara.\",\"breadcrumb\":{\"@id\":\"https:\/\/preprod.bonbay.fr\/_enovation\/our-work\/case-studies\/#breadcrumb\"},\"inLanguage\":\"pl-PL\",\"potentialAction\":[{\"@type\":\"ReadAction\",\"target\":[\"https:\/\/preprod.bonbay.fr\/_enovation\/our-work\/case-studies\/\"]}]},{\"@type\":\"ImageObject\",\"inLanguage\":\"pl-PL\",\"@id\":\"https:\/\/preprod.bonbay.fr\/_enovation\/our-work\/case-studies\/#primaryimage\",\"url\":\"https:\/\/preprod.bonbay.fr\/_enovation\/wp-content\/uploads\/2025\/05\/Enovation-OurWork-CasesStudies_03.jpg\",\"contentUrl\":\"https:\/\/preprod.bonbay.fr\/_enovation\/wp-content\/uploads\/2025\/05\/Enovation-OurWork-CasesStudies_03.jpg\",\"width\":1081,\"height\":590},{\"@type\":\"BreadcrumbList\",\"@id\":\"https:\/\/preprod.bonbay.fr\/_enovation\/our-work\/case-studies\/#breadcrumb\",\"itemListElement\":[{\"@type\":\"ListItem\",\"position\":1,\"name\":\"Accueil\",\"item\":\"https:\/\/preprod.bonbay.fr\/_enovation\/pl\/\"},{\"@type\":\"ListItem\",\"position\":2,\"name\":\"NASZA PRACA\",\"item\":\"https:\/\/preprod.bonbay.fr\/_enovation\/our-work\/\"},{\"@type\":\"ListItem\",\"position\":3,\"name\":\"Studium przypadku\"}]},{\"@type\":\"WebSite\",\"@id\":\"https:\/\/preprod.bonbay.fr\/_enovation\/#website\",\"url\":\"https:\/\/preprod.bonbay.fr\/_enovation\/\",\"name\":\"Enovation Solutions\",\"description\":\"\",\"potentialAction\":[{\"@type\":\"SearchAction\",\"target\":{\"@type\":\"EntryPoint\",\"urlTemplate\":\"https:\/\/preprod.bonbay.fr\/_enovation\/?s={search_term_string}\"},\"query-input\":{\"@type\":\"PropertyValueSpecification\",\"valueRequired\":true,\"valueName\":\"search_term_string\"}}],\"inLanguage\":\"pl-PL\"}]}<\/script>\n<!-- \/ Yoast SEO Premium plugin. -->","yoast_head_json":{"title":"Studium przypadku | Enovation solutions","description":"Poznaj nasze studia przypadk\u00f3w klient\u00f3w: zobacz, jak Enovation wspiera\u0142a organizacje publiczne, prywatne i non-profit w ich transformacji cyfrowej z Moodle i Totara.","robots":{"index":"index","follow":"follow","max-snippet":"max-snippet:-1","max-image-preview":"max-image-preview:large","max-video-preview":"max-video-preview:-1"},"canonical":"https:\/\/preprod.bonbay.fr\/_enovation\/our-work\/case-studies\/","og_locale":"pl_PL","og_type":"article","og_title":"Studium przypadku","og_description":"Poznaj nasze studia przypadk\u00f3w klient\u00f3w: zobacz, jak Enovation wspiera\u0142a organizacje publiczne, prywatne i non-profit w ich transformacji cyfrowej z Moodle i Totara.","og_url":"https:\/\/preprod.bonbay.fr\/_enovation\/our-work\/case-studies\/","og_site_name":"Enovation solutions","article_modified_time":"2025-08-06T07:42:48+00:00","og_image":[{"width":1081,"height":590,"url":"https:\/\/preprod.bonbay.fr\/_enovation\/wp-content\/uploads\/2025\/05\/Enovation-OurWork-CasesStudies_03.jpg","type":"image\/jpeg"}],"twitter_card":"summary_large_image","twitter_misc":{"Szacowany czas czytania":"1 minuta"},"schema":{"@context":"https:\/\/schema.org","@graph":[{"@type":"WebPage","@id":"https:\/\/preprod.bonbay.fr\/_enovation\/our-work\/case-studies\/","url":"https:\/\/preprod.bonbay.fr\/_enovation\/our-work\/case-studies\/","name":"Studium przypadku | Enovation solutions","isPartOf":{"@id":"https:\/\/preprod.bonbay.fr\/_enovation\/#website"},"primaryImageOfPage":{"@id":"https:\/\/preprod.bonbay.fr\/_enovation\/our-work\/case-studies\/#primaryimage"},"image":{"@id":"https:\/\/preprod.bonbay.fr\/_enovation\/our-work\/case-studies\/#primaryimage"},"thumbnailUrl":"https:\/\/preprod.bonbay.fr\/_enovation\/wp-content\/uploads\/2025\/05\/Enovation-OurWork-CasesStudies_03.jpg","datePublished":"2025-04-07T08:04:10+00:00","dateModified":"2025-08-06T07:42:48+00:00","description":"Poznaj nasze studia przypadk\u00f3w klient\u00f3w: zobacz, jak Enovation wspiera\u0142a organizacje publiczne, prywatne i non-profit w ich transformacji cyfrowej z Moodle i Totara.","breadcrumb":{"@id":"https:\/\/preprod.bonbay.fr\/_enovation\/our-work\/case-studies\/#breadcrumb"},"inLanguage":"pl-PL","potentialAction":[{"@type":"ReadAction","target":["https:\/\/preprod.bonbay.fr\/_enovation\/our-work\/case-studies\/"]}]},{"@type":"ImageObject","inLanguage":"pl-PL","@id":"https:\/\/preprod.bonbay.fr\/_enovation\/our-work\/case-studies\/#primaryimage","url":"https:\/\/preprod.bonbay.fr\/_enovation\/wp-content\/uploads\/2025\/05\/Enovation-OurWork-CasesStudies_03.jpg","contentUrl":"https:\/\/preprod.bonbay.fr\/_enovation\/wp-content\/uploads\/2025\/05\/Enovation-OurWork-CasesStudies_03.jpg","width":1081,"height":590},{"@type":"BreadcrumbList","@id":"https:\/\/preprod.bonbay.fr\/_enovation\/our-work\/case-studies\/#breadcrumb","itemListElement":[{"@type":"ListItem","position":1,"name":"Accueil","item":"https:\/\/preprod.bonbay.fr\/_enovation\/pl\/"},{"@type":"ListItem","position":2,"name":"NASZA PRACA","item":"https:\/\/preprod.bonbay.fr\/_enovation\/our-work\/"},{"@type":"ListItem","position":3,"name":"Studium przypadku"}]},{"@type":"WebSite","@id":"https:\/\/preprod.bonbay.fr\/_enovation\/#website","url":"https:\/\/preprod.bonbay.fr\/_enovation\/","name":"Enovation Solutions","description":"","potentialAction":[{"@type":"SearchAction","target":{"@type":"EntryPoint","urlTemplate":"https:\/\/preprod.bonbay.fr\/_enovation\/?s={search_term_string}"},"query-input":{"@type":"PropertyValueSpecification","valueRequired":true,"valueName":"search_term_string"}}],"inLanguage":"pl-PL"}]}},"_links":{"self":[{"href":"https:\/\/preprod.bonbay.fr\/_enovation\/pl\/wp-json\/wp\/v2\/pages\/3820","targetHints":{"allow":["GET"]}}],"collection":[{"href":"https:\/\/preprod.bonbay.fr\/_enovation\/pl\/wp-json\/wp\/v2\/pages"}],"about":[{"href":"https:\/\/preprod.bonbay.fr\/_enovation\/pl\/wp-json\/wp\/v2\/types\/page"}],"author":[{"embeddable":true,"href":"https:\/\/preprod.bonbay.fr\/_enovation\/pl\/wp-json\/wp\/v2\/users\/1"}],"replies":[{"embeddable":true,"href":"https:\/\/preprod.bonbay.fr\/_enovation\/pl\/wp-json\/wp\/v2\/comments?post=3820"}],"version-history":[{"count":3,"href":"https:\/\/preprod.bonbay.fr\/_enovation\/pl\/wp-json\/wp\/v2\/pages\/3820\/revisions"}],"predecessor-version":[{"id":4149,"href":"https:\/\/preprod.bonbay.fr\/_enovation\/pl\/wp-json\/wp\/v2\/pages\/3820\/revisions\/4149"}],"up":[{"embeddable":true,"href":"https:\/\/preprod.bonbay.fr\/_enovation\/pl\/wp-json\/wp\/v2\/pages\/3818"}],"wp:featuredmedia":[{"embeddable":true,"href":"https:\/\/preprod.bonbay.fr\/_enovation\/pl\/wp-json\/wp\/v2\/media\/865"}],"wp:attachment":[{"href":"https:\/\/preprod.bonbay.fr\/_enovation\/pl\/wp-json\/wp\/v2\/media?parent=3820"}],"curies":[{"name":"wp","href":"https:\/\/api.w.org\/{rel}","templated":true}]}}