{"id":3827,"date":"2025-04-07T10:06:11","date_gmt":"2025-04-07T08:06:11","guid":{"rendered":"https:\/\/preprod.bonbay.fr\/_enovation?page_id=3827"},"modified":"2025-08-27T10:58:43","modified_gmt":"2025-08-27T08:58:43","slug":"career","status":"publish","type":"page","link":"https:\/\/preprod.bonbay.fr\/_enovation\/pl\/about\/career\/","title":{"rendered":"Kariera"},"content":{"rendered":"<h2 style=\"text-align: center;\" data-start=\"0\" data-end=\"39\">Chcesz do\u0142\u0105czy\u0107 do naszego zespo\u0142u?<\/h2>\n<p style=\"text-align: center;\" data-start=\"0\" data-end=\"39\"><span style=\"font-size: 16px;\">Zawsze szukamy utalentowanych specjalist\u00f3w \u2014 je\u015bli uwa\u017casz, \u017ce pasujesz do naszego zespo\u0142u, prze\u015blij nam swoje dane!<\/span><\/p>\n<article class=\"text-token-text-primary w-full focus:outline-none scroll-mt-[calc(var(--header-height)+min(200px,max(70px,20svh)))]\" dir=\"auto\" tabindex=\"-1\" data-turn-id=\"request-688cc68c-cd50-832e-9b78-eff2042c77f4-42\" data-testid=\"conversation-turn-44\" data-scroll-anchor=\"true\" data-turn=\"assistant\">\n<div class=\"text-base my-auto mx-auto pb-10 [--thread-content-margin:--spacing(4)] @[37rem]:[--thread-content-margin:--spacing(6)] @[72rem]:[--thread-content-margin:--spacing(16)] px-(--thread-content-margin)\">\n<div class=\"[--thread-content-max-width:32rem] @[34rem]:[--thread-content-max-width:40rem] @[64rem]:[--thread-content-max-width:48rem] mx-auto max-w-(--thread-content-max-width) flex-1 group\/turn-messages focus-visible:outline-hidden relative flex w-full min-w-0 flex-col agent-turn\" tabindex=\"-1\">\n<div class=\"flex min-h-[46px] justify-start\">\u00a0<\/div>\n<div class=\"mt-3 w-full empty:hidden\">\n<div class=\"text-center\">\u00a0<\/div>\n<\/div>\n<\/div>\n<\/div>\n<\/article>\n<div class=\"pointer-events-none h-px w-px\" aria-hidden=\"true\" data-edge=\"true\">\u00a0<\/div>\n","protected":false},"excerpt":{"rendered":"<p>Chcesz do\u0142\u0105czy\u0107 do naszego zespo\u0142u? Zawsze szukamy utalentowanych specjalist\u00f3w \u2014 je\u015bli uwa\u017casz, \u017ce pasujesz do naszego zespo\u0142u, prze\u015blij nam swoje dane! \u00a0 \u00a0 \u00a0<\/p>\n","protected":false},"author":1,"featured_media":468,"parent":3821,"menu_order":6,"comment_status":"closed","ping_status":"closed","template":"page-career.php","meta":{"_acf_changed":false,"footnotes":""},"class_list":["post-3827","page","type-page","status-publish","has-post-thumbnail","hentry"],"acf":[],"yoast_head":"<!-- This site is optimized with the Yoast SEO Premium plugin v26.0 (Yoast SEO v26.7) - https:\/\/yoast.com\/wordpress\/plugins\/seo\/ -->\n<title>Kariera | Enovation solutions<\/title>\n<meta name=\"description\" content=\"Do\u0142\u0105cz do Enovation: sprawd\u017a oferty pracy w e\u2011learningu, rozwoju, wsparciu i doradztwie, i wspieraj mi\u0119dzynarodowe projekty LMS.\" \/>\n<meta name=\"robots\" content=\"index, follow, max-snippet:-1, max-image-preview:large, max-video-preview:-1\" \/>\n<link rel=\"canonical\" href=\"https:\/\/preprod.bonbay.fr\/_enovation\/pl\/about\/career\/\" \/>\n<meta property=\"og:locale\" content=\"pl_PL\" \/>\n<meta property=\"og:type\" content=\"article\" \/>\n<meta property=\"og:title\" content=\"Kariera\" \/>\n<meta property=\"og:description\" content=\"Do\u0142\u0105cz do Enovation: sprawd\u017a oferty pracy w e\u2011learningu, rozwoju, wsparciu i doradztwie, i wspieraj mi\u0119dzynarodowe projekty LMS.\" \/>\n<meta property=\"og:url\" content=\"https:\/\/preprod.bonbay.fr\/_enovation\/pl\/about\/career\/\" \/>\n<meta property=\"og:site_name\" content=\"Enovation solutions\" \/>\n<meta property=\"article:modified_time\" content=\"2025-08-27T08:58:43+00:00\" \/>\n<meta property=\"og:image\" content=\"https:\/\/preprod.bonbay.fr\/_enovation\/wp-content\/uploads\/2025\/04\/bandeau-recrutement.jpg\" \/>\n\t<meta property=\"og:image:width\" content=\"1080\" \/>\n\t<meta property=\"og:image:height\" content=\"589\" \/>\n\t<meta property=\"og:image:type\" content=\"image\/jpeg\" \/>\n<meta name=\"twitter:card\" content=\"summary_large_image\" \/>\n<meta name=\"twitter:label1\" content=\"Szacowany czas czytania\" \/>\n\t<meta name=\"twitter:data1\" content=\"1 minuta\" \/>\n<script type=\"application\/ld+json\" class=\"yoast-schema-graph\">{\"@context\":\"https:\/\/schema.org\",\"@graph\":[{\"@type\":\"WebPage\",\"@id\":\"https:\/\/preprod.bonbay.fr\/_enovation\/pl\/about\/career\/\",\"url\":\"https:\/\/preprod.bonbay.fr\/_enovation\/pl\/about\/career\/\",\"name\":\"Kariera | Enovation solutions\",\"isPartOf\":{\"@id\":\"https:\/\/preprod.bonbay.fr\/_enovation\/#website\"},\"primaryImageOfPage\":{\"@id\":\"https:\/\/preprod.bonbay.fr\/_enovation\/pl\/about\/career\/#primaryimage\"},\"image\":{\"@id\":\"https:\/\/preprod.bonbay.fr\/_enovation\/pl\/about\/career\/#primaryimage\"},\"thumbnailUrl\":\"https:\/\/preprod.bonbay.fr\/_enovation\/wp-content\/uploads\/2025\/04\/bandeau-recrutement.jpg\",\"datePublished\":\"2025-04-07T08:06:11+00:00\",\"dateModified\":\"2025-08-27T08:58:43+00:00\",\"description\":\"Do\u0142\u0105cz do Enovation: sprawd\u017a oferty pracy w e\u2011learningu, rozwoju, wsparciu i doradztwie, i wspieraj mi\u0119dzynarodowe projekty LMS.\",\"breadcrumb\":{\"@id\":\"https:\/\/preprod.bonbay.fr\/_enovation\/pl\/about\/career\/#breadcrumb\"},\"inLanguage\":\"pl-PL\",\"potentialAction\":[{\"@type\":\"ReadAction\",\"target\":[\"https:\/\/preprod.bonbay.fr\/_enovation\/pl\/about\/career\/\"]}]},{\"@type\":\"ImageObject\",\"inLanguage\":\"pl-PL\",\"@id\":\"https:\/\/preprod.bonbay.fr\/_enovation\/pl\/about\/career\/#primaryimage\",\"url\":\"https:\/\/preprod.bonbay.fr\/_enovation\/wp-content\/uploads\/2025\/04\/bandeau-recrutement.jpg\",\"contentUrl\":\"https:\/\/preprod.bonbay.fr\/_enovation\/wp-content\/uploads\/2025\/04\/bandeau-recrutement.jpg\",\"width\":1080,\"height\":589},{\"@type\":\"BreadcrumbList\",\"@id\":\"https:\/\/preprod.bonbay.fr\/_enovation\/pl\/about\/career\/#breadcrumb\",\"itemListElement\":[{\"@type\":\"ListItem\",\"position\":1,\"name\":\"Accueil\",\"item\":\"https:\/\/preprod.bonbay.fr\/_enovation\/pl\/\"},{\"@type\":\"ListItem\",\"position\":2,\"name\":\"O NAS\",\"item\":\"https:\/\/preprod.bonbay.fr\/_enovation\/about\/\"},{\"@type\":\"ListItem\",\"position\":3,\"name\":\"Kariera\"}]},{\"@type\":\"WebSite\",\"@id\":\"https:\/\/preprod.bonbay.fr\/_enovation\/#website\",\"url\":\"https:\/\/preprod.bonbay.fr\/_enovation\/\",\"name\":\"Enovation Solutions\",\"description\":\"\",\"potentialAction\":[{\"@type\":\"SearchAction\",\"target\":{\"@type\":\"EntryPoint\",\"urlTemplate\":\"https:\/\/preprod.bonbay.fr\/_enovation\/?s={search_term_string}\"},\"query-input\":{\"@type\":\"PropertyValueSpecification\",\"valueRequired\":true,\"valueName\":\"search_term_string\"}}],\"inLanguage\":\"pl-PL\"}]}<\/script>\n<!-- \/ Yoast SEO Premium plugin. -->","yoast_head_json":{"title":"Kariera | Enovation solutions","description":"Do\u0142\u0105cz do Enovation: sprawd\u017a oferty pracy w e\u2011learningu, rozwoju, wsparciu i doradztwie, i wspieraj mi\u0119dzynarodowe projekty LMS.","robots":{"index":"index","follow":"follow","max-snippet":"max-snippet:-1","max-image-preview":"max-image-preview:large","max-video-preview":"max-video-preview:-1"},"canonical":"https:\/\/preprod.bonbay.fr\/_enovation\/pl\/about\/career\/","og_locale":"pl_PL","og_type":"article","og_title":"Kariera","og_description":"Do\u0142\u0105cz do Enovation: sprawd\u017a oferty pracy w e\u2011learningu, rozwoju, wsparciu i doradztwie, i wspieraj mi\u0119dzynarodowe projekty LMS.","og_url":"https:\/\/preprod.bonbay.fr\/_enovation\/pl\/about\/career\/","og_site_name":"Enovation solutions","article_modified_time":"2025-08-27T08:58:43+00:00","og_image":[{"width":1080,"height":589,"url":"https:\/\/preprod.bonbay.fr\/_enovation\/wp-content\/uploads\/2025\/04\/bandeau-recrutement.jpg","type":"image\/jpeg"}],"twitter_card":"summary_large_image","twitter_misc":{"Szacowany czas czytania":"1 minuta"},"schema":{"@context":"https:\/\/schema.org","@graph":[{"@type":"WebPage","@id":"https:\/\/preprod.bonbay.fr\/_enovation\/pl\/about\/career\/","url":"https:\/\/preprod.bonbay.fr\/_enovation\/pl\/about\/career\/","name":"Kariera | Enovation solutions","isPartOf":{"@id":"https:\/\/preprod.bonbay.fr\/_enovation\/#website"},"primaryImageOfPage":{"@id":"https:\/\/preprod.bonbay.fr\/_enovation\/pl\/about\/career\/#primaryimage"},"image":{"@id":"https:\/\/preprod.bonbay.fr\/_enovation\/pl\/about\/career\/#primaryimage"},"thumbnailUrl":"https:\/\/preprod.bonbay.fr\/_enovation\/wp-content\/uploads\/2025\/04\/bandeau-recrutement.jpg","datePublished":"2025-04-07T08:06:11+00:00","dateModified":"2025-08-27T08:58:43+00:00","description":"Do\u0142\u0105cz do Enovation: sprawd\u017a oferty pracy w e\u2011learningu, rozwoju, wsparciu i doradztwie, i wspieraj mi\u0119dzynarodowe projekty LMS.","breadcrumb":{"@id":"https:\/\/preprod.bonbay.fr\/_enovation\/pl\/about\/career\/#breadcrumb"},"inLanguage":"pl-PL","potentialAction":[{"@type":"ReadAction","target":["https:\/\/preprod.bonbay.fr\/_enovation\/pl\/about\/career\/"]}]},{"@type":"ImageObject","inLanguage":"pl-PL","@id":"https:\/\/preprod.bonbay.fr\/_enovation\/pl\/about\/career\/#primaryimage","url":"https:\/\/preprod.bonbay.fr\/_enovation\/wp-content\/uploads\/2025\/04\/bandeau-recrutement.jpg","contentUrl":"https:\/\/preprod.bonbay.fr\/_enovation\/wp-content\/uploads\/2025\/04\/bandeau-recrutement.jpg","width":1080,"height":589},{"@type":"BreadcrumbList","@id":"https:\/\/preprod.bonbay.fr\/_enovation\/pl\/about\/career\/#breadcrumb","itemListElement":[{"@type":"ListItem","position":1,"name":"Accueil","item":"https:\/\/preprod.bonbay.fr\/_enovation\/pl\/"},{"@type":"ListItem","position":2,"name":"O NAS","item":"https:\/\/preprod.bonbay.fr\/_enovation\/about\/"},{"@type":"ListItem","position":3,"name":"Kariera"}]},{"@type":"WebSite","@id":"https:\/\/preprod.bonbay.fr\/_enovation\/#website","url":"https:\/\/preprod.bonbay.fr\/_enovation\/","name":"Enovation Solutions","description":"","potentialAction":[{"@type":"SearchAction","target":{"@type":"EntryPoint","urlTemplate":"https:\/\/preprod.bonbay.fr\/_enovation\/?s={search_term_string}"},"query-input":{"@type":"PropertyValueSpecification","valueRequired":true,"valueName":"search_term_string"}}],"inLanguage":"pl-PL"}]}},"_links":{"self":[{"href":"https:\/\/preprod.bonbay.fr\/_enovation\/pl\/wp-json\/wp\/v2\/pages\/3827","targetHints":{"allow":["GET"]}}],"collection":[{"href":"https:\/\/preprod.bonbay.fr\/_enovation\/pl\/wp-json\/wp\/v2\/pages"}],"about":[{"href":"https:\/\/preprod.bonbay.fr\/_enovation\/pl\/wp-json\/wp\/v2\/types\/page"}],"author":[{"embeddable":true,"href":"https:\/\/preprod.bonbay.fr\/_enovation\/pl\/wp-json\/wp\/v2\/users\/1"}],"replies":[{"embeddable":true,"href":"https:\/\/preprod.bonbay.fr\/_enovation\/pl\/wp-json\/wp\/v2\/comments?post=3827"}],"version-history":[{"count":11,"href":"https:\/\/preprod.bonbay.fr\/_enovation\/pl\/wp-json\/wp\/v2\/pages\/3827\/revisions"}],"predecessor-version":[{"id":5307,"href":"https:\/\/preprod.bonbay.fr\/_enovation\/pl\/wp-json\/wp\/v2\/pages\/3827\/revisions\/5307"}],"up":[{"embeddable":true,"href":"https:\/\/preprod.bonbay.fr\/_enovation\/pl\/wp-json\/wp\/v2\/pages\/3821"}],"wp:featuredmedia":[{"embeddable":true,"href":"https:\/\/preprod.bonbay.fr\/_enovation\/pl\/wp-json\/wp\/v2\/media\/468"}],"wp:attachment":[{"href":"https:\/\/preprod.bonbay.fr\/_enovation\/pl\/wp-json\/wp\/v2\/media?parent=3827"}],"curies":[{"name":"wp","href":"https:\/\/api.w.org\/{rel}","templated":true}]}}