{"id":3829,"date":"2025-04-04T17:13:34","date_gmt":"2025-04-04T15:13:34","guid":{"rendered":"https:\/\/preprod.bonbay.fr\/_enovation?page_id=3829"},"modified":"2025-08-27T11:03:58","modified_gmt":"2025-08-27T09:03:58","slug":"contact","status":"publish","type":"page","link":"https:\/\/preprod.bonbay.fr\/_enovation\/pl\/contact\/","title":{"rendered":"Skontaktuj si\u0119 z nami"},"content":{"rendered":"<h2>Zawsze ch\u0119tnie pomo\u017cemy<\/h2>\n<h4>Niezale\u017cnie od tego, czy interesuj\u0105 Ci\u0119 nasze otwarte systemy e-learningowe, potrzebujesz szczeg\u00f3\u0142\u00f3w dotycz\u0105cych szkole\u0144, czy szukasz wsparcia w tworzeniu tre\u015bci &#8211; ch\u0119tnie pomo\u017cemy.<\/h4>\n<h4>Wystarczy, \u017ce wype\u0142nisz i prze\u015blesz poni\u017cszy formularz, a cz\u0142onek naszego zespo\u0142u skontaktuje si\u0119 z Tob\u0105 niezw\u0142ocznie, by om\u00f3wi\u0107 potrzeby, odpowiedzie\u0107 na pytania i wsp\u00f3lnie zastanowi\u0107 si\u0119, jak mo\u017cemy wesprze\u0107 Twoje cele w obszarze nauki i rozwoju.<\/h4>\n","protected":false},"excerpt":{"rendered":"<p>Zawsze ch\u0119tnie pomo\u017cemy Niezale\u017cnie od tego, czy interesuj\u0105 Ci\u0119 nasze otwarte systemy e-learningowe, potrzebujesz szczeg\u00f3\u0142\u00f3w dotycz\u0105cych szkole\u0144, czy szukasz wsparcia w tworzeniu tre\u015bci &#8211; ch\u0119tnie pomo\u017cemy. Wystarczy, \u017ce wype\u0142nisz i prze\u015blesz poni\u017cszy formularz, a cz\u0142onek naszego zespo\u0142u skontaktuje si\u0119 z Tob\u0105 niezw\u0142ocznie, by om\u00f3wi\u0107 potrzeby, odpowiedzie\u0107 na pytania i wsp\u00f3lnie zastanowi\u0107 si\u0119, jak mo\u017cemy wesprze\u0107 [&hellip;]<\/p>\n","protected":false},"author":1,"featured_media":865,"parent":0,"menu_order":7,"comment_status":"closed","ping_status":"closed","template":"page-contact.php","meta":{"_acf_changed":false,"footnotes":""},"class_list":["post-3829","page","type-page","status-publish","has-post-thumbnail","hentry"],"acf":[],"yoast_head":"<!-- This site is optimized with the Yoast SEO Premium plugin v26.0 (Yoast SEO v26.7) - https:\/\/yoast.com\/wordpress\/plugins\/seo\/ -->\n<title>Skontaktuj si\u0119 z nami | Enovation solutions<\/title>\n<meta name=\"description\" content=\"Contact Enovation for your LMS projects: request a demo, quote, or tailored support on Moodle, Totara, Workplace, and e-learning services.\" \/>\n<meta name=\"robots\" content=\"index, follow, max-snippet:-1, max-image-preview:large, max-video-preview:-1\" \/>\n<link rel=\"canonical\" href=\"https:\/\/preprod.bonbay.fr\/_enovation\/pl\/contact\/\" \/>\n<meta property=\"og:locale\" content=\"pl_PL\" \/>\n<meta property=\"og:type\" content=\"article\" \/>\n<meta property=\"og:title\" content=\"Skontaktuj si\u0119 z nami\" \/>\n<meta property=\"og:description\" content=\"Contact Enovation for your LMS projects: request a demo, quote, or tailored support on Moodle, Totara, Workplace, and e-learning services.\" \/>\n<meta property=\"og:url\" content=\"https:\/\/preprod.bonbay.fr\/_enovation\/pl\/contact\/\" \/>\n<meta property=\"og:site_name\" content=\"Enovation solutions\" \/>\n<meta property=\"article:modified_time\" content=\"2025-08-27T09:03:58+00:00\" \/>\n<meta property=\"og:image\" content=\"https:\/\/preprod.bonbay.fr\/_enovation\/wp-content\/uploads\/2025\/05\/Enovation-OurWork-CasesStudies_03.jpg\" \/>\n\t<meta property=\"og:image:width\" content=\"1081\" \/>\n\t<meta property=\"og:image:height\" content=\"590\" \/>\n\t<meta property=\"og:image:type\" content=\"image\/jpeg\" \/>\n<meta name=\"twitter:card\" content=\"summary_large_image\" \/>\n<meta name=\"twitter:label1\" content=\"Szacowany czas czytania\" \/>\n\t<meta name=\"twitter:data1\" content=\"1 minuta\" \/>\n<script type=\"application\/ld+json\" class=\"yoast-schema-graph\">{\"@context\":\"https:\/\/schema.org\",\"@graph\":[{\"@type\":\"WebPage\",\"@id\":\"https:\/\/preprod.bonbay.fr\/_enovation\/pl\/contact\/\",\"url\":\"https:\/\/preprod.bonbay.fr\/_enovation\/pl\/contact\/\",\"name\":\"Skontaktuj si\u0119 z nami | Enovation solutions\",\"isPartOf\":{\"@id\":\"https:\/\/preprod.bonbay.fr\/_enovation\/#website\"},\"primaryImageOfPage\":{\"@id\":\"https:\/\/preprod.bonbay.fr\/_enovation\/pl\/contact\/#primaryimage\"},\"image\":{\"@id\":\"https:\/\/preprod.bonbay.fr\/_enovation\/pl\/contact\/#primaryimage\"},\"thumbnailUrl\":\"https:\/\/preprod.bonbay.fr\/_enovation\/wp-content\/uploads\/2025\/05\/Enovation-OurWork-CasesStudies_03.jpg\",\"datePublished\":\"2025-04-04T15:13:34+00:00\",\"dateModified\":\"2025-08-27T09:03:58+00:00\",\"description\":\"Contact Enovation for your LMS projects: request a demo, quote, or tailored support on Moodle, Totara, Workplace, and e-learning services.\",\"breadcrumb\":{\"@id\":\"https:\/\/preprod.bonbay.fr\/_enovation\/pl\/contact\/#breadcrumb\"},\"inLanguage\":\"pl-PL\",\"potentialAction\":[{\"@type\":\"ReadAction\",\"target\":[\"https:\/\/preprod.bonbay.fr\/_enovation\/pl\/contact\/\"]}]},{\"@type\":\"ImageObject\",\"inLanguage\":\"pl-PL\",\"@id\":\"https:\/\/preprod.bonbay.fr\/_enovation\/pl\/contact\/#primaryimage\",\"url\":\"https:\/\/preprod.bonbay.fr\/_enovation\/wp-content\/uploads\/2025\/05\/Enovation-OurWork-CasesStudies_03.jpg\",\"contentUrl\":\"https:\/\/preprod.bonbay.fr\/_enovation\/wp-content\/uploads\/2025\/05\/Enovation-OurWork-CasesStudies_03.jpg\",\"width\":1081,\"height\":590},{\"@type\":\"BreadcrumbList\",\"@id\":\"https:\/\/preprod.bonbay.fr\/_enovation\/pl\/contact\/#breadcrumb\",\"itemListElement\":[{\"@type\":\"ListItem\",\"position\":1,\"name\":\"Accueil\",\"item\":\"https:\/\/preprod.bonbay.fr\/_enovation\/pl\/\"},{\"@type\":\"ListItem\",\"position\":2,\"name\":\"Skontaktuj si\u0119 z nami\"}]},{\"@type\":\"WebSite\",\"@id\":\"https:\/\/preprod.bonbay.fr\/_enovation\/#website\",\"url\":\"https:\/\/preprod.bonbay.fr\/_enovation\/\",\"name\":\"Enovation Solutions\",\"description\":\"\",\"potentialAction\":[{\"@type\":\"SearchAction\",\"target\":{\"@type\":\"EntryPoint\",\"urlTemplate\":\"https:\/\/preprod.bonbay.fr\/_enovation\/?s={search_term_string}\"},\"query-input\":{\"@type\":\"PropertyValueSpecification\",\"valueRequired\":true,\"valueName\":\"search_term_string\"}}],\"inLanguage\":\"pl-PL\"}]}<\/script>\n<!-- \/ Yoast SEO Premium plugin. -->","yoast_head_json":{"title":"Skontaktuj si\u0119 z nami | Enovation solutions","description":"Contact Enovation for your LMS projects: request a demo, quote, or tailored support on Moodle, Totara, Workplace, and e-learning services.","robots":{"index":"index","follow":"follow","max-snippet":"max-snippet:-1","max-image-preview":"max-image-preview:large","max-video-preview":"max-video-preview:-1"},"canonical":"https:\/\/preprod.bonbay.fr\/_enovation\/pl\/contact\/","og_locale":"pl_PL","og_type":"article","og_title":"Skontaktuj si\u0119 z nami","og_description":"Contact Enovation for your LMS projects: request a demo, quote, or tailored support on Moodle, Totara, Workplace, and e-learning services.","og_url":"https:\/\/preprod.bonbay.fr\/_enovation\/pl\/contact\/","og_site_name":"Enovation solutions","article_modified_time":"2025-08-27T09:03:58+00:00","og_image":[{"width":1081,"height":590,"url":"https:\/\/preprod.bonbay.fr\/_enovation\/wp-content\/uploads\/2025\/05\/Enovation-OurWork-CasesStudies_03.jpg","type":"image\/jpeg"}],"twitter_card":"summary_large_image","twitter_misc":{"Szacowany czas czytania":"1 minuta"},"schema":{"@context":"https:\/\/schema.org","@graph":[{"@type":"WebPage","@id":"https:\/\/preprod.bonbay.fr\/_enovation\/pl\/contact\/","url":"https:\/\/preprod.bonbay.fr\/_enovation\/pl\/contact\/","name":"Skontaktuj si\u0119 z nami | Enovation solutions","isPartOf":{"@id":"https:\/\/preprod.bonbay.fr\/_enovation\/#website"},"primaryImageOfPage":{"@id":"https:\/\/preprod.bonbay.fr\/_enovation\/pl\/contact\/#primaryimage"},"image":{"@id":"https:\/\/preprod.bonbay.fr\/_enovation\/pl\/contact\/#primaryimage"},"thumbnailUrl":"https:\/\/preprod.bonbay.fr\/_enovation\/wp-content\/uploads\/2025\/05\/Enovation-OurWork-CasesStudies_03.jpg","datePublished":"2025-04-04T15:13:34+00:00","dateModified":"2025-08-27T09:03:58+00:00","description":"Contact Enovation for your LMS projects: request a demo, quote, or tailored support on Moodle, Totara, Workplace, and e-learning services.","breadcrumb":{"@id":"https:\/\/preprod.bonbay.fr\/_enovation\/pl\/contact\/#breadcrumb"},"inLanguage":"pl-PL","potentialAction":[{"@type":"ReadAction","target":["https:\/\/preprod.bonbay.fr\/_enovation\/pl\/contact\/"]}]},{"@type":"ImageObject","inLanguage":"pl-PL","@id":"https:\/\/preprod.bonbay.fr\/_enovation\/pl\/contact\/#primaryimage","url":"https:\/\/preprod.bonbay.fr\/_enovation\/wp-content\/uploads\/2025\/05\/Enovation-OurWork-CasesStudies_03.jpg","contentUrl":"https:\/\/preprod.bonbay.fr\/_enovation\/wp-content\/uploads\/2025\/05\/Enovation-OurWork-CasesStudies_03.jpg","width":1081,"height":590},{"@type":"BreadcrumbList","@id":"https:\/\/preprod.bonbay.fr\/_enovation\/pl\/contact\/#breadcrumb","itemListElement":[{"@type":"ListItem","position":1,"name":"Accueil","item":"https:\/\/preprod.bonbay.fr\/_enovation\/pl\/"},{"@type":"ListItem","position":2,"name":"Skontaktuj si\u0119 z nami"}]},{"@type":"WebSite","@id":"https:\/\/preprod.bonbay.fr\/_enovation\/#website","url":"https:\/\/preprod.bonbay.fr\/_enovation\/","name":"Enovation Solutions","description":"","potentialAction":[{"@type":"SearchAction","target":{"@type":"EntryPoint","urlTemplate":"https:\/\/preprod.bonbay.fr\/_enovation\/?s={search_term_string}"},"query-input":{"@type":"PropertyValueSpecification","valueRequired":true,"valueName":"search_term_string"}}],"inLanguage":"pl-PL"}]}},"_links":{"self":[{"href":"https:\/\/preprod.bonbay.fr\/_enovation\/pl\/wp-json\/wp\/v2\/pages\/3829","targetHints":{"allow":["GET"]}}],"collection":[{"href":"https:\/\/preprod.bonbay.fr\/_enovation\/pl\/wp-json\/wp\/v2\/pages"}],"about":[{"href":"https:\/\/preprod.bonbay.fr\/_enovation\/pl\/wp-json\/wp\/v2\/types\/page"}],"author":[{"embeddable":true,"href":"https:\/\/preprod.bonbay.fr\/_enovation\/pl\/wp-json\/wp\/v2\/users\/1"}],"replies":[{"embeddable":true,"href":"https:\/\/preprod.bonbay.fr\/_enovation\/pl\/wp-json\/wp\/v2\/comments?post=3829"}],"version-history":[{"count":18,"href":"https:\/\/preprod.bonbay.fr\/_enovation\/pl\/wp-json\/wp\/v2\/pages\/3829\/revisions"}],"predecessor-version":[{"id":5309,"href":"https:\/\/preprod.bonbay.fr\/_enovation\/pl\/wp-json\/wp\/v2\/pages\/3829\/revisions\/5309"}],"wp:featuredmedia":[{"embeddable":true,"href":"https:\/\/preprod.bonbay.fr\/_enovation\/pl\/wp-json\/wp\/v2\/media\/865"}],"wp:attachment":[{"href":"https:\/\/preprod.bonbay.fr\/_enovation\/pl\/wp-json\/wp\/v2\/media?parent=3829"}],"curies":[{"name":"wp","href":"https:\/\/api.w.org\/{rel}","templated":true}]}}