{"id":3831,"date":"2025-04-04T17:14:03","date_gmt":"2025-04-04T15:14:03","guid":{"rendered":"https:\/\/preprod.bonbay.fr\/_enovation?page_id=3831"},"modified":"2025-10-02T17:18:50","modified_gmt":"2025-10-02T15:18:50","slug":"legal","status":"publish","type":"page","link":"https:\/\/preprod.bonbay.fr\/_enovation\/pl\/legal\/","title":{"rendered":"Legal"},"content":{"rendered":"<h4 data-start=\"11879\" data-end=\"12075\">Company nName\u00a0<\/h4>\n<ul>\n<li><strong>Zarejestrowana nazwa:<\/strong>\u00a0Enovation Sp\u00f3\u0142ka Z Ograniczon\u0105 Odpowiedzialno\u015bci\u0105<\/li>\n<li><strong>Zarejestrowane biuro:<\/strong>\u00a0 ul. Zygmunta Chmielewskiego 22A, 70-028 Szczecin, Polska<\/li>\n<li><strong>Numer Identyfikacji Podatkowej (NIP):<\/strong>\u00a09552565294<\/li>\n<\/ul>\n<h4 data-start=\"12077\" data-end=\"12208\">Contact Information<\/h4>\n<ul>\n<li><strong>Email:<\/strong> info@enovationsolutions.pl<\/li>\n<li><strong>Telephone:<\/strong>+48 91 881 4770<\/li>\n<\/ul>\n<h4 data-start=\"12305\" data-end=\"12414\">Business \/ Regulatory Authority<\/h4>\n<p data-start=\"12305\" data-end=\"12414\">These T&amp;Cs are governed by Polish law, and disputes shall be subject to the exclusive jurisdiction of Poland courts.<\/p>\n<h4 data-start=\"12946\" data-end=\"13270\">Copyright \/ Intellectual Property<\/h4>\n<p data-start=\"12946\" data-end=\"13270\">Unless explicitly stated otherwise, all content on this Site (text, images, graphics, logos, videos, etc.) is protected by copyright and other intellectual property rights held by us or by licensors. You may not reproduce, distribute, or use such content without express permission.<\/p>\n<h4 data-start=\"13272\" data-end=\"13580\">Limitation of Liability \/ Disclaimer<\/h4>\n<p data-start=\"13272\" data-end=\"13580\">To the fullest extent permitted by applicable law, we disclaim all liability for direct or indirect damages arising from use of this website or reliance on content herein. While we aim for accuracy, we make no guarantees about completeness or accuracy of content.<\/p>\n<h4 data-start=\"13582\" data-end=\"13852\">Applicable Law \/ Jurisdiction<\/h4>\n<p data-start=\"13582\" data-end=\"13852\">This site (and any disputes relating to it) is governed by the laws of Ireland. The courts of Dublin, Ireland have exclusive jurisdiction, to the extent permitted by law.<\/p>\n<h4 data-start=\"13854\" data-end=\"13969\">Changes<\/h4>\n<p data-start=\"13854\" data-end=\"13969\">We reserve the right to amend this legal notice at any time; updated versions will be published here.<\/p>\n","protected":false},"excerpt":{"rendered":"<p>Company nName\u00a0 Zarejestrowana nazwa:\u00a0Enovation Sp\u00f3\u0142ka Z Ograniczon\u0105 Odpowiedzialno\u015bci\u0105 Zarejestrowane biuro:\u00a0 ul. Zygmunta Chmielewskiego 22A, 70-028 Szczecin, Polska Numer Identyfikacji Podatkowej (NIP):\u00a09552565294 Contact Information Email: info@enovationsolutions.pl Telephone:+48 91 881 4770 Business \/ Regulatory Authority These T&amp;Cs are governed by Polish law, and disputes shall be subject to the exclusive jurisdiction of Poland courts. Copyright \/ Intellectual [&hellip;]<\/p>\n","protected":false},"author":1,"featured_media":4458,"parent":0,"menu_order":10,"comment_status":"closed","ping_status":"closed","template":"","meta":{"_acf_changed":false,"footnotes":""},"class_list":["post-3831","page","type-page","status-publish","has-post-thumbnail","hentry"],"acf":[],"yoast_head":"<!-- This site is optimized with the Yoast SEO Premium plugin v26.0 (Yoast SEO v26.7) - https:\/\/yoast.com\/wordpress\/plugins\/seo\/ -->\n<title>Legal | Enovation solutions<\/title>\n<meta name=\"robots\" content=\"noindex, nofollow\" \/>\n<meta property=\"og:locale\" content=\"pl_PL\" \/>\n<meta property=\"og:type\" content=\"article\" \/>\n<meta property=\"og:title\" content=\"Legal\" \/>\n<meta property=\"og:description\" content=\"Company nName\u00a0 Zarejestrowana nazwa:\u00a0Enovation Sp\u00f3\u0142ka Z Ograniczon\u0105 Odpowiedzialno\u015bci\u0105 Zarejestrowane biuro:\u00a0 ul. Zygmunta Chmielewskiego 22A, 70-028 Szczecin, Polska Numer Identyfikacji Podatkowej (NIP):\u00a09552565294 Contact Information Email: info@enovationsolutions.pl Telephone:+48 91 881 4770 Business \/ Regulatory Authority These T&amp;Cs are governed by Polish law, and disputes shall be subject to the exclusive jurisdiction of Poland courts. Copyright \/ Intellectual [&hellip;]\" \/>\n<meta property=\"og:url\" content=\"https:\/\/preprod.bonbay.fr\/_enovation\/pl\/legal\/\" \/>\n<meta property=\"og:site_name\" content=\"Enovation solutions\" \/>\n<meta property=\"article:modified_time\" content=\"2025-10-02T15:18:50+00:00\" \/>\n<meta property=\"og:image\" content=\"https:\/\/preprod.bonbay.fr\/_enovation\/wp-content\/uploads\/2025\/08\/Dublin.jpg\" \/>\n\t<meta property=\"og:image:width\" content=\"1280\" \/>\n\t<meta property=\"og:image:height\" content=\"853\" \/>\n\t<meta property=\"og:image:type\" content=\"image\/jpeg\" \/>\n<meta name=\"twitter:card\" content=\"summary_large_image\" \/>\n<meta name=\"twitter:label1\" content=\"Szacowany czas czytania\" \/>\n\t<meta name=\"twitter:data1\" content=\"2 minuty\" \/>\n<script type=\"application\/ld+json\" class=\"yoast-schema-graph\">{\"@context\":\"https:\/\/schema.org\",\"@graph\":[{\"@type\":\"WebPage\",\"@id\":\"https:\/\/preprod.bonbay.fr\/_enovation\/pl\/legal\/\",\"url\":\"https:\/\/preprod.bonbay.fr\/_enovation\/pl\/legal\/\",\"name\":\"Legal | Enovation solutions\",\"isPartOf\":{\"@id\":\"https:\/\/preprod.bonbay.fr\/_enovation\/#website\"},\"primaryImageOfPage\":{\"@id\":\"https:\/\/preprod.bonbay.fr\/_enovation\/pl\/legal\/#primaryimage\"},\"image\":{\"@id\":\"https:\/\/preprod.bonbay.fr\/_enovation\/pl\/legal\/#primaryimage\"},\"thumbnailUrl\":\"https:\/\/preprod.bonbay.fr\/_enovation\/wp-content\/uploads\/2025\/08\/Dublin.jpg\",\"datePublished\":\"2025-04-04T15:14:03+00:00\",\"dateModified\":\"2025-10-02T15:18:50+00:00\",\"breadcrumb\":{\"@id\":\"https:\/\/preprod.bonbay.fr\/_enovation\/pl\/legal\/#breadcrumb\"},\"inLanguage\":\"pl-PL\",\"potentialAction\":[{\"@type\":\"ReadAction\",\"target\":[\"https:\/\/preprod.bonbay.fr\/_enovation\/pl\/legal\/\"]}]},{\"@type\":\"ImageObject\",\"inLanguage\":\"pl-PL\",\"@id\":\"https:\/\/preprod.bonbay.fr\/_enovation\/pl\/legal\/#primaryimage\",\"url\":\"https:\/\/preprod.bonbay.fr\/_enovation\/wp-content\/uploads\/2025\/08\/Dublin.jpg\",\"contentUrl\":\"https:\/\/preprod.bonbay.fr\/_enovation\/wp-content\/uploads\/2025\/08\/Dublin.jpg\",\"width\":1280,\"height\":853,\"caption\":\"Modern buildings and offices on Liffey river in Dublin on a bright sunny day, bridge on the right is a famous Harp bridge.\"},{\"@type\":\"BreadcrumbList\",\"@id\":\"https:\/\/preprod.bonbay.fr\/_enovation\/pl\/legal\/#breadcrumb\",\"itemListElement\":[{\"@type\":\"ListItem\",\"position\":1,\"name\":\"Accueil\",\"item\":\"https:\/\/preprod.bonbay.fr\/_enovation\/pl\/\"},{\"@type\":\"ListItem\",\"position\":2,\"name\":\"Legal\"}]},{\"@type\":\"WebSite\",\"@id\":\"https:\/\/preprod.bonbay.fr\/_enovation\/#website\",\"url\":\"https:\/\/preprod.bonbay.fr\/_enovation\/\",\"name\":\"Enovation Solutions\",\"description\":\"\",\"potentialAction\":[{\"@type\":\"SearchAction\",\"target\":{\"@type\":\"EntryPoint\",\"urlTemplate\":\"https:\/\/preprod.bonbay.fr\/_enovation\/?s={search_term_string}\"},\"query-input\":{\"@type\":\"PropertyValueSpecification\",\"valueRequired\":true,\"valueName\":\"search_term_string\"}}],\"inLanguage\":\"pl-PL\"}]}<\/script>\n<!-- \/ Yoast SEO Premium plugin. -->","yoast_head_json":{"title":"Legal | Enovation solutions","robots":{"index":"noindex","follow":"nofollow"},"og_locale":"pl_PL","og_type":"article","og_title":"Legal","og_description":"Company nName\u00a0 Zarejestrowana nazwa:\u00a0Enovation Sp\u00f3\u0142ka Z Ograniczon\u0105 Odpowiedzialno\u015bci\u0105 Zarejestrowane biuro:\u00a0 ul. Zygmunta Chmielewskiego 22A, 70-028 Szczecin, Polska Numer Identyfikacji Podatkowej (NIP):\u00a09552565294 Contact Information Email: info@enovationsolutions.pl Telephone:+48 91 881 4770 Business \/ Regulatory Authority These T&amp;Cs are governed by Polish law, and disputes shall be subject to the exclusive jurisdiction of Poland courts. Copyright \/ Intellectual [&hellip;]","og_url":"https:\/\/preprod.bonbay.fr\/_enovation\/pl\/legal\/","og_site_name":"Enovation solutions","article_modified_time":"2025-10-02T15:18:50+00:00","og_image":[{"width":1280,"height":853,"url":"https:\/\/preprod.bonbay.fr\/_enovation\/wp-content\/uploads\/2025\/08\/Dublin.jpg","type":"image\/jpeg"}],"twitter_card":"summary_large_image","twitter_misc":{"Szacowany czas czytania":"2 minuty"},"schema":{"@context":"https:\/\/schema.org","@graph":[{"@type":"WebPage","@id":"https:\/\/preprod.bonbay.fr\/_enovation\/pl\/legal\/","url":"https:\/\/preprod.bonbay.fr\/_enovation\/pl\/legal\/","name":"Legal | Enovation solutions","isPartOf":{"@id":"https:\/\/preprod.bonbay.fr\/_enovation\/#website"},"primaryImageOfPage":{"@id":"https:\/\/preprod.bonbay.fr\/_enovation\/pl\/legal\/#primaryimage"},"image":{"@id":"https:\/\/preprod.bonbay.fr\/_enovation\/pl\/legal\/#primaryimage"},"thumbnailUrl":"https:\/\/preprod.bonbay.fr\/_enovation\/wp-content\/uploads\/2025\/08\/Dublin.jpg","datePublished":"2025-04-04T15:14:03+00:00","dateModified":"2025-10-02T15:18:50+00:00","breadcrumb":{"@id":"https:\/\/preprod.bonbay.fr\/_enovation\/pl\/legal\/#breadcrumb"},"inLanguage":"pl-PL","potentialAction":[{"@type":"ReadAction","target":["https:\/\/preprod.bonbay.fr\/_enovation\/pl\/legal\/"]}]},{"@type":"ImageObject","inLanguage":"pl-PL","@id":"https:\/\/preprod.bonbay.fr\/_enovation\/pl\/legal\/#primaryimage","url":"https:\/\/preprod.bonbay.fr\/_enovation\/wp-content\/uploads\/2025\/08\/Dublin.jpg","contentUrl":"https:\/\/preprod.bonbay.fr\/_enovation\/wp-content\/uploads\/2025\/08\/Dublin.jpg","width":1280,"height":853,"caption":"Modern buildings and offices on Liffey river in Dublin on a bright sunny day, bridge on the right is a famous Harp bridge."},{"@type":"BreadcrumbList","@id":"https:\/\/preprod.bonbay.fr\/_enovation\/pl\/legal\/#breadcrumb","itemListElement":[{"@type":"ListItem","position":1,"name":"Accueil","item":"https:\/\/preprod.bonbay.fr\/_enovation\/pl\/"},{"@type":"ListItem","position":2,"name":"Legal"}]},{"@type":"WebSite","@id":"https:\/\/preprod.bonbay.fr\/_enovation\/#website","url":"https:\/\/preprod.bonbay.fr\/_enovation\/","name":"Enovation Solutions","description":"","potentialAction":[{"@type":"SearchAction","target":{"@type":"EntryPoint","urlTemplate":"https:\/\/preprod.bonbay.fr\/_enovation\/?s={search_term_string}"},"query-input":{"@type":"PropertyValueSpecification","valueRequired":true,"valueName":"search_term_string"}}],"inLanguage":"pl-PL"}]}},"_links":{"self":[{"href":"https:\/\/preprod.bonbay.fr\/_enovation\/pl\/wp-json\/wp\/v2\/pages\/3831","targetHints":{"allow":["GET"]}}],"collection":[{"href":"https:\/\/preprod.bonbay.fr\/_enovation\/pl\/wp-json\/wp\/v2\/pages"}],"about":[{"href":"https:\/\/preprod.bonbay.fr\/_enovation\/pl\/wp-json\/wp\/v2\/types\/page"}],"author":[{"embeddable":true,"href":"https:\/\/preprod.bonbay.fr\/_enovation\/pl\/wp-json\/wp\/v2\/users\/1"}],"replies":[{"embeddable":true,"href":"https:\/\/preprod.bonbay.fr\/_enovation\/pl\/wp-json\/wp\/v2\/comments?post=3831"}],"version-history":[{"count":10,"href":"https:\/\/preprod.bonbay.fr\/_enovation\/pl\/wp-json\/wp\/v2\/pages\/3831\/revisions"}],"predecessor-version":[{"id":6563,"href":"https:\/\/preprod.bonbay.fr\/_enovation\/pl\/wp-json\/wp\/v2\/pages\/3831\/revisions\/6563"}],"wp:featuredmedia":[{"embeddable":true,"href":"https:\/\/preprod.bonbay.fr\/_enovation\/pl\/wp-json\/wp\/v2\/media\/4458"}],"wp:attachment":[{"href":"https:\/\/preprod.bonbay.fr\/_enovation\/pl\/wp-json\/wp\/v2\/media?parent=3831"}],"curies":[{"name":"wp","href":"https:\/\/api.w.org\/{rel}","templated":true}]}}