{"id":3832,"date":"2025-04-04T16:11:49","date_gmt":"2025-04-04T14:11:49","guid":{"rendered":"https:\/\/preprod.bonbay.fr\/_enovation?page_id=3832"},"modified":"2025-10-03T11:52:40","modified_gmt":"2025-10-03T09:52:40","slug":"privacy","status":"publish","type":"page","link":"https:\/\/preprod.bonbay.fr\/_enovation\/pl\/privacy\/","title":{"rendered":"Privacy"},"content":{"rendered":"<p><\/p>\r\n<p><strong>E<b data-stringify-type=\"bold\">Data wej\u015bcia w \u017cycie:<\/b><\/strong>2 pa\u017adziernika 2025 r.<\/p>\r\n<p><strong><b data-stringify-type=\"bold\">Ostatnia aktualizacja:<\/b><\/strong>jak wy\u017cej<strong><br aria-hidden=\"true\" \/>\r\n<br \/>\r\n<\/strong><\/p>\r\n<h4 class=\"wp-block-heading\">1.0 Wprowadzenie<\/h4>\r\n<p>Zobowi\u0105zujemy si\u0119 do ochrony i poszanowania Pa\u0144stwa prywatno\u015bci. Niniejsza Polityka Prywatno\u015bci wyja\u015bnia, w jaki spos\u00f3b gromadzimy, wykorzystujemy, ujawniamy i chronimy dane osobowe podczas korzystania z naszej strony internetowej oraz powi\u0105zanych us\u0142ug.<\/p>\r\n<p><strong>Adres naszej strony:<\/strong>\u00a0<a class=\"c-link c-link--underline\" href=\"https:\/\/www.enovationsolutions.pl\/\" target=\"_blank\" rel=\"noopener noreferrer\" data-stringify-link=\"https:\/\/www.enovationsolutions.pl\/\" data-sk=\"tooltip_parent\">https:\/\/www.enovationsolutions.pl\/<\/a><\/p>\r\n<p>Wszelkie odniesienia do poj\u0119\u0107 takich jak \u201edane osobowe\u201d, \u201eprzetwarzanie\u201d, \u201eosoba, kt\u00f3rej dane dotycz\u0105\u201d itp. nale\u017cy rozumie\u0107 zgodnie z definicjami zawartymi w\u00a0<b data-stringify-type=\"bold\">Rozporz\u0105dzeniu Parlamentu Europejskiego i Rady (UE) 2016\/679 (RODO)<\/b>\u00a0oraz w\u00a0<b data-stringify-type=\"bold\">ustawach o ochronie danych osobowych z lat 1988\u20132018 (Irlandia)<\/b>, o ile maj\u0105 zastosowanie.<\/p>\r\n<p>Korzystaj\u0105c z naszej strony i\/lub przekazuj\u0105c nam swoje dane osobowe, akceptuj\u0105 Pa\u0144stwo zasady opisane w niniejszej polityce.<\/p>\r\n<h4>2.0 Dane kontaktowe<\/h4>\r\n<p><strong><b data-stringify-type=\"bold\">Administrator danych<\/b>:<\/strong><\/p>\r\n<ul>\r\n\t<li><strong>Zarejestrowana nazwa:<\/strong>Enovation Sp\u00f3\u0142ka z ograniczon\u0105 odpowiedzialno\u015bci\u0105<\/li>\r\n\t<li><strong>Siedziba:<\/strong> ul. Zygmunta Chmielewskiego 22A, 70-028 Szczecin, Polska<\/li>\r\n\t<li><strong>Numer Identyfikacji Podatkowej (NIP): <\/strong>9552565294<\/li>\r\n<\/ul>\r\n<p class=\"p1\"><b data-stringify-type=\"bold\">Dane kontaktowe:<\/b><\/p>\r\n<ul>\r\n\t<li class=\"p1\">\u00a0E-mail:\u00a0<a href=\"mailto:info@enovationsolutions.pl\"><span class=\"s1\">info@enovationsolutions.pl<\/span><\/a><\/li>\r\n\t<li class=\"p1\">\u00a0Telefon:\u00a0<a href=\"tel:+48918814770\"><span class=\"s1\">+48 91 881 4770<\/span><\/a><\/li>\r\n<\/ul>\r\n<h4 class=\"wp-block-heading\">3.0 Organ nadzorczy \/ Podstawa prawna<\/h4>\r\n<p class=\"p1\">Niniejsze warunki korzystania podlegaj\u0105 prawu polskiemu. Wszelkie spory b\u0119d\u0105 rozstrzygane wy\u0142\u0105cznie przez s\u0105dy polskie.<\/p>\r\n<h4 class=\"p1\">4.0 Prawa autorskie \/ W\u0142asno\u015b\u0107 intelektualna<\/h4>\r\n<p class=\"p1\">O ile wyra\u017anie nie zaznaczono inaczej, ca\u0142o\u015b\u0107 tre\u015bci dost\u0119pnych na niniejszej stronie internetowej (teksty, obrazy, grafiki, logotypy, materia\u0142y wideo itp.) jest chroniona prawem autorskim oraz innymi prawami w\u0142asno\u015bci intelektualnej, kt\u00f3re przys\u0142uguj\u0105 nam lub naszym licencjodawcom. Powielanie, rozpowszechnianie czy wykorzystywanie takich tre\u015bci bez naszej uprzedniej, wyra\u017anej zgody jest zabronione.<\/p>\r\n<h4 class=\"p1\">5.0 Ograniczenie odpowiedzialno\u015bci \/ Zastrze\u017cenia<\/h4>\r\n<p class=\"p1\">W maksymalnym zakresie dozwolonym przez obowi\u0105zuj\u0105ce przepisy prawa wy\u0142\u0105czamy wszelk\u0105 odpowiedzialno\u015b\u0107 za szkody bezpo\u015brednie lub po\u015brednie wynikaj\u0105ce z korzystania z niniejszej strony lub polegania na jej tre\u015bci. Pomimo do\u0142o\u017cenia nale\u017cytej staranno\u015bci w zakresie rzetelno\u015bci publikowanych informacji, nie gwarantujemy ich kompletno\u015bci ani dok\u0142adno\u015bci.<\/p>\r\n<h4 class=\"p1\">6.0 Prawo w\u0142a\u015bciwe \/ Jurysdykcja<\/h4>\r\n<p class=\"p1\">Niniejsza strona (oraz wszelkie spory z ni\u0105 zwi\u0105zane) podlega prawu irlandzkiemu. Wy\u0142\u0105czn\u0105 jurysdykcj\u0119 w tym zakresie posiadaj\u0105 s\u0105dy w Dublinie, Irlandia \u2013 w granicach dozwolonych przez obowi\u0105zuj\u0105ce prawo.<\/p>\r\n<h4 class=\"p1\">7.0 Zmiany<b><\/b><\/h4>\r\n<div class=\"c-message_kit__blocks c-message_kit__blocks--rich_text\">\r\n<div class=\"c-message__message_blocks c-message__message_blocks--rich_text\" data-qa=\"message-text\">\r\n<div class=\"p-block_kit_renderer\" data-qa=\"block-kit-renderer\">\r\n<div class=\"p-block_kit_renderer__block_wrapper p-block_kit_renderer__block_wrapper--first\">\r\n<div class=\"p-rich_text_block\" dir=\"auto\">\r\n<div class=\"p-rich_text_section\">Zastrzegamy sobie prawo do wprowadzania zmian w niniejszej informacji prawnej w dowolnym czasie; zaktualizowane wersje b\u0119d\u0105 publikowane w tym miejscu.<\/div>\r\n<\/div>\r\n<\/div>\r\n<\/div>\r\n<\/div>\r\n<\/div>","protected":false},"excerpt":{"rendered":"<p>EData wej\u015bcia w \u017cycie:2 pa\u017adziernika 2025 r. Ostatnia aktualizacja:jak wy\u017cej 1.0 Wprowadzenie Zobowi\u0105zujemy si\u0119 do ochrony i poszanowania Pa\u0144stwa prywatno\u015bci. Niniejsza Polityka Prywatno\u015bci wyja\u015bnia, w jaki spos\u00f3b gromadzimy, wykorzystujemy, ujawniamy i chronimy dane osobowe podczas korzystania z naszej strony internetowej oraz powi\u0105zanych us\u0142ug. Adres naszej strony:\u00a0https:\/\/www.enovationsolutions.pl\/ Wszelkie odniesienia do poj\u0119\u0107 takich jak \u201edane osobowe\u201d, \u201eprzetwarzanie\u201d, [&hellip;]<\/p>\n","protected":false},"author":1,"featured_media":5515,"parent":0,"menu_order":11,"comment_status":"closed","ping_status":"closed","template":"","meta":{"_acf_changed":false,"footnotes":""},"class_list":["post-3832","page","type-page","status-publish","has-post-thumbnail","hentry"],"acf":[],"yoast_head":"<!-- This site is optimized with the Yoast SEO Premium plugin v26.0 (Yoast SEO v26.7) - https:\/\/yoast.com\/wordpress\/plugins\/seo\/ -->\n<title>Privacy | Enovation solutions<\/title>\n<meta name=\"robots\" content=\"noindex, nofollow\" \/>\n<meta property=\"og:locale\" content=\"pl_PL\" \/>\n<meta property=\"og:type\" content=\"article\" \/>\n<meta property=\"og:title\" content=\"Privacy\" \/>\n<meta property=\"og:description\" content=\"EData wej\u015bcia w \u017cycie:2 pa\u017adziernika 2025 r. Ostatnia aktualizacja:jak wy\u017cej 1.0 Wprowadzenie Zobowi\u0105zujemy si\u0119 do ochrony i poszanowania Pa\u0144stwa prywatno\u015bci. Niniejsza Polityka Prywatno\u015bci wyja\u015bnia, w jaki spos\u00f3b gromadzimy, wykorzystujemy, ujawniamy i chronimy dane osobowe podczas korzystania z naszej strony internetowej oraz powi\u0105zanych us\u0142ug. Adres naszej strony:\u00a0https:\/\/www.enovationsolutions.pl\/ Wszelkie odniesienia do poj\u0119\u0107 takich jak \u201edane osobowe\u201d, \u201eprzetwarzanie\u201d, [&hellip;]\" \/>\n<meta property=\"og:url\" content=\"https:\/\/preprod.bonbay.fr\/_enovation\/pl\/privacy\/\" \/>\n<meta property=\"og:site_name\" content=\"Enovation solutions\" \/>\n<meta property=\"article:modified_time\" content=\"2025-10-03T09:52:40+00:00\" \/>\n<meta property=\"og:image\" content=\"https:\/\/preprod.bonbay.fr\/_enovation\/wp-content\/uploads\/2025\/09\/Legal-page-header.jpeg\" \/>\n\t<meta property=\"og:image:width\" content=\"1000\" \/>\n\t<meta property=\"og:image:height\" content=\"602\" \/>\n\t<meta property=\"og:image:type\" content=\"image\/jpeg\" \/>\n<meta name=\"twitter:card\" content=\"summary_large_image\" \/>\n<meta name=\"twitter:label1\" content=\"Szacowany czas czytania\" \/>\n\t<meta name=\"twitter:data1\" content=\"2 minuty\" \/>\n<script type=\"application\/ld+json\" class=\"yoast-schema-graph\">{\"@context\":\"https:\/\/schema.org\",\"@graph\":[{\"@type\":\"WebPage\",\"@id\":\"https:\/\/preprod.bonbay.fr\/_enovation\/pl\/privacy\/\",\"url\":\"https:\/\/preprod.bonbay.fr\/_enovation\/pl\/privacy\/\",\"name\":\"Privacy | Enovation solutions\",\"isPartOf\":{\"@id\":\"https:\/\/preprod.bonbay.fr\/_enovation\/#website\"},\"primaryImageOfPage\":{\"@id\":\"https:\/\/preprod.bonbay.fr\/_enovation\/pl\/privacy\/#primaryimage\"},\"image\":{\"@id\":\"https:\/\/preprod.bonbay.fr\/_enovation\/pl\/privacy\/#primaryimage\"},\"thumbnailUrl\":\"https:\/\/preprod.bonbay.fr\/_enovation\/wp-content\/uploads\/2025\/09\/Legal-page-header.jpeg\",\"datePublished\":\"2025-04-04T14:11:49+00:00\",\"dateModified\":\"2025-10-03T09:52:40+00:00\",\"breadcrumb\":{\"@id\":\"https:\/\/preprod.bonbay.fr\/_enovation\/pl\/privacy\/#breadcrumb\"},\"inLanguage\":\"pl-PL\",\"potentialAction\":[{\"@type\":\"ReadAction\",\"target\":[\"https:\/\/preprod.bonbay.fr\/_enovation\/pl\/privacy\/\"]}]},{\"@type\":\"ImageObject\",\"inLanguage\":\"pl-PL\",\"@id\":\"https:\/\/preprod.bonbay.fr\/_enovation\/pl\/privacy\/#primaryimage\",\"url\":\"https:\/\/preprod.bonbay.fr\/_enovation\/wp-content\/uploads\/2025\/09\/Legal-page-header.jpeg\",\"contentUrl\":\"https:\/\/preprod.bonbay.fr\/_enovation\/wp-content\/uploads\/2025\/09\/Legal-page-header.jpeg\",\"width\":1000,\"height\":602,\"caption\":\"Compliance concept with young man in the night\"},{\"@type\":\"BreadcrumbList\",\"@id\":\"https:\/\/preprod.bonbay.fr\/_enovation\/pl\/privacy\/#breadcrumb\",\"itemListElement\":[{\"@type\":\"ListItem\",\"position\":1,\"name\":\"Accueil\",\"item\":\"https:\/\/preprod.bonbay.fr\/_enovation\/pl\/\"},{\"@type\":\"ListItem\",\"position\":2,\"name\":\"Privacy\"}]},{\"@type\":\"WebSite\",\"@id\":\"https:\/\/preprod.bonbay.fr\/_enovation\/#website\",\"url\":\"https:\/\/preprod.bonbay.fr\/_enovation\/\",\"name\":\"Enovation Solutions\",\"description\":\"\",\"potentialAction\":[{\"@type\":\"SearchAction\",\"target\":{\"@type\":\"EntryPoint\",\"urlTemplate\":\"https:\/\/preprod.bonbay.fr\/_enovation\/?s={search_term_string}\"},\"query-input\":{\"@type\":\"PropertyValueSpecification\",\"valueRequired\":true,\"valueName\":\"search_term_string\"}}],\"inLanguage\":\"pl-PL\"}]}<\/script>\n<!-- \/ Yoast SEO Premium plugin. -->","yoast_head_json":{"title":"Privacy | Enovation solutions","robots":{"index":"noindex","follow":"nofollow"},"og_locale":"pl_PL","og_type":"article","og_title":"Privacy","og_description":"EData wej\u015bcia w \u017cycie:2 pa\u017adziernika 2025 r. Ostatnia aktualizacja:jak wy\u017cej 1.0 Wprowadzenie Zobowi\u0105zujemy si\u0119 do ochrony i poszanowania Pa\u0144stwa prywatno\u015bci. Niniejsza Polityka Prywatno\u015bci wyja\u015bnia, w jaki spos\u00f3b gromadzimy, wykorzystujemy, ujawniamy i chronimy dane osobowe podczas korzystania z naszej strony internetowej oraz powi\u0105zanych us\u0142ug. Adres naszej strony:\u00a0https:\/\/www.enovationsolutions.pl\/ Wszelkie odniesienia do poj\u0119\u0107 takich jak \u201edane osobowe\u201d, \u201eprzetwarzanie\u201d, [&hellip;]","og_url":"https:\/\/preprod.bonbay.fr\/_enovation\/pl\/privacy\/","og_site_name":"Enovation solutions","article_modified_time":"2025-10-03T09:52:40+00:00","og_image":[{"width":1000,"height":602,"url":"https:\/\/preprod.bonbay.fr\/_enovation\/wp-content\/uploads\/2025\/09\/Legal-page-header.jpeg","type":"image\/jpeg"}],"twitter_card":"summary_large_image","twitter_misc":{"Szacowany czas czytania":"2 minuty"},"schema":{"@context":"https:\/\/schema.org","@graph":[{"@type":"WebPage","@id":"https:\/\/preprod.bonbay.fr\/_enovation\/pl\/privacy\/","url":"https:\/\/preprod.bonbay.fr\/_enovation\/pl\/privacy\/","name":"Privacy | Enovation solutions","isPartOf":{"@id":"https:\/\/preprod.bonbay.fr\/_enovation\/#website"},"primaryImageOfPage":{"@id":"https:\/\/preprod.bonbay.fr\/_enovation\/pl\/privacy\/#primaryimage"},"image":{"@id":"https:\/\/preprod.bonbay.fr\/_enovation\/pl\/privacy\/#primaryimage"},"thumbnailUrl":"https:\/\/preprod.bonbay.fr\/_enovation\/wp-content\/uploads\/2025\/09\/Legal-page-header.jpeg","datePublished":"2025-04-04T14:11:49+00:00","dateModified":"2025-10-03T09:52:40+00:00","breadcrumb":{"@id":"https:\/\/preprod.bonbay.fr\/_enovation\/pl\/privacy\/#breadcrumb"},"inLanguage":"pl-PL","potentialAction":[{"@type":"ReadAction","target":["https:\/\/preprod.bonbay.fr\/_enovation\/pl\/privacy\/"]}]},{"@type":"ImageObject","inLanguage":"pl-PL","@id":"https:\/\/preprod.bonbay.fr\/_enovation\/pl\/privacy\/#primaryimage","url":"https:\/\/preprod.bonbay.fr\/_enovation\/wp-content\/uploads\/2025\/09\/Legal-page-header.jpeg","contentUrl":"https:\/\/preprod.bonbay.fr\/_enovation\/wp-content\/uploads\/2025\/09\/Legal-page-header.jpeg","width":1000,"height":602,"caption":"Compliance concept with young man in the night"},{"@type":"BreadcrumbList","@id":"https:\/\/preprod.bonbay.fr\/_enovation\/pl\/privacy\/#breadcrumb","itemListElement":[{"@type":"ListItem","position":1,"name":"Accueil","item":"https:\/\/preprod.bonbay.fr\/_enovation\/pl\/"},{"@type":"ListItem","position":2,"name":"Privacy"}]},{"@type":"WebSite","@id":"https:\/\/preprod.bonbay.fr\/_enovation\/#website","url":"https:\/\/preprod.bonbay.fr\/_enovation\/","name":"Enovation Solutions","description":"","potentialAction":[{"@type":"SearchAction","target":{"@type":"EntryPoint","urlTemplate":"https:\/\/preprod.bonbay.fr\/_enovation\/?s={search_term_string}"},"query-input":{"@type":"PropertyValueSpecification","valueRequired":true,"valueName":"search_term_string"}}],"inLanguage":"pl-PL"}]}},"_links":{"self":[{"href":"https:\/\/preprod.bonbay.fr\/_enovation\/pl\/wp-json\/wp\/v2\/pages\/3832","targetHints":{"allow":["GET"]}}],"collection":[{"href":"https:\/\/preprod.bonbay.fr\/_enovation\/pl\/wp-json\/wp\/v2\/pages"}],"about":[{"href":"https:\/\/preprod.bonbay.fr\/_enovation\/pl\/wp-json\/wp\/v2\/types\/page"}],"author":[{"embeddable":true,"href":"https:\/\/preprod.bonbay.fr\/_enovation\/pl\/wp-json\/wp\/v2\/users\/1"}],"replies":[{"embeddable":true,"href":"https:\/\/preprod.bonbay.fr\/_enovation\/pl\/wp-json\/wp\/v2\/comments?post=3832"}],"version-history":[{"count":18,"href":"https:\/\/preprod.bonbay.fr\/_enovation\/pl\/wp-json\/wp\/v2\/pages\/3832\/revisions"}],"predecessor-version":[{"id":6570,"href":"https:\/\/preprod.bonbay.fr\/_enovation\/pl\/wp-json\/wp\/v2\/pages\/3832\/revisions\/6570"}],"wp:featuredmedia":[{"embeddable":true,"href":"https:\/\/preprod.bonbay.fr\/_enovation\/pl\/wp-json\/wp\/v2\/media\/5515"}],"wp:attachment":[{"href":"https:\/\/preprod.bonbay.fr\/_enovation\/pl\/wp-json\/wp\/v2\/media?parent=3832"}],"curies":[{"name":"wp","href":"https:\/\/api.w.org\/{rel}","templated":true}]}}